{"id":686,"date":"2019-11-27T20:04:43","date_gmt":"2019-11-27T19:04:43","guid":{"rendered":"https:\/\/personligtdesign.dk\/?page_id=686"},"modified":"2023-04-03T10:35:29","modified_gmt":"2023-04-03T08:35:29","slug":"vejledning-montering-af-klistermaerker","status":"publish","type":"page","link":"https:\/\/personligtdesign.dk\/index.php\/vejledning-montering-af-klistermaerker\/","title":{"rendered":"Vejledning &#8211; p\u00e5s\u00e6tning af klisterm\u00e6rker"},"content":{"rendered":"\t\t<div data-elementor-type=\"wp-page\" data-elementor-id=\"686\" class=\"elementor elementor-686\" data-elementor-post-type=\"page\">\n\t\t\t\t\t\t<section class=\"elementor-section elementor-top-section elementor-element elementor-element-12b341ba elementor-section-boxed elementor-section-height-default elementor-section-height-default\" data-id=\"12b341ba\" data-element_type=\"section\" data-e-type=\"section\">\n\t\t\t\t\t\t<div class=\"elementor-container elementor-column-gap-default\">\n\t\t\t\t\t<div class=\"elementor-column elementor-col-100 elementor-top-column elementor-element elementor-element-49b4160b\" data-id=\"49b4160b\" data-element_type=\"column\" data-e-type=\"column\">\n\t\t\t<div class=\"elementor-widget-wrap elementor-element-populated\">\n\t\t\t\t\t\t<div class=\"elementor-element elementor-element-6973786 elementor-widget elementor-widget-heading\" data-id=\"6973786\" data-element_type=\"widget\" data-e-type=\"widget\" data-widget_type=\"heading.default\">\n\t\t\t\t<div class=\"elementor-widget-container\">\n\t\t\t\t\t<h2 class=\"elementor-heading-title elementor-size-default\">Hvordan s\u00e6tter jeg klisterm\u00e6rker\/stickers p\u00e5?<\/h2>\t\t\t\t<\/div>\n\t\t\t\t<\/div>\n\t\t\t\t<div class=\"elementor-element elementor-element-b149319 elementor-align-left elementor-widget elementor-widget-global elementor-global-16809 elementor-widget-button\" data-id=\"b149319\" data-element_type=\"widget\" data-e-type=\"widget\" data-widget_type=\"button.default\">\n\t\t\t\t<div class=\"elementor-widget-container\">\n\t\t\t\t\t\t\t\t\t<div class=\"elementor-button-wrapper\">\n\t\t\t\t\t<a class=\"elementor-button elementor-button-link elementor-size-sm\" href=\"https:\/\/personligtdesign.dk\/index.php\/bestil-her\/\">\n\t\t\t\t\t\t<span class=\"elementor-button-content-wrapper\">\n\t\t\t\t\t\t\t\t\t<span class=\"elementor-button-text\">Bestil her<\/span>\n\t\t\t\t\t<\/span>\n\t\t\t\t\t<\/a>\n\t\t\t\t<\/div>\n\t\t\t\t\t\t\t\t<\/div>\n\t\t\t\t<\/div>\n\t\t\t\t<div class=\"elementor-element elementor-element-47e0901 elementor-widget elementor-widget-text-editor\" data-id=\"47e0901\" data-element_type=\"widget\" data-e-type=\"widget\" data-widget_type=\"text-editor.default\">\n\t\t\t\t<div class=\"elementor-widget-container\">\n\t\t\t\t\t\t\t\t\t<p><span style=\"color: var( --e-global-color-text ); font-family: var( --e-global-typography-text-font-family ), Sans-serif; font-weight: var( --e-global-typography-text-font-weight );\">Hvis du fx f\u00e5r et navn eller anden tekst, vil det hele v\u00e6re samlet, s\u00e5 du ikke skal s\u00e6tte et bogstav p\u00e5 ad gangen. Du er derfor sikker p\u00e5, at alt st\u00e5r lige og med den rigtige afstand.<\/span><\/p>\t\t\t\t\t\t\t\t<\/div>\n\t\t\t\t<\/div>\n\t\t\t\t<div class=\"elementor-element elementor-element-ff3ad98 elementor-widget elementor-widget-gallery\" data-id=\"ff3ad98\" data-element_type=\"widget\" data-e-type=\"widget\" data-settings=\"{&quot;columns&quot;:2,&quot;aspect_ratio&quot;:&quot;1:1&quot;,&quot;gap&quot;:{&quot;unit&quot;:&quot;px&quot;,&quot;size&quot;:64,&quot;sizes&quot;:[]},&quot;lazyload&quot;:&quot;yes&quot;,&quot;gallery_layout&quot;:&quot;grid&quot;,&quot;columns_tablet&quot;:2,&quot;columns_mobile&quot;:1,&quot;gap_tablet&quot;:{&quot;unit&quot;:&quot;px&quot;,&quot;size&quot;:10,&quot;sizes&quot;:[]},&quot;gap_mobile&quot;:{&quot;unit&quot;:&quot;px&quot;,&quot;size&quot;:10,&quot;sizes&quot;:[]},&quot;link_to&quot;:&quot;file&quot;,&quot;overlay_background&quot;:&quot;yes&quot;,&quot;content_hover_animation&quot;:&quot;fade-in&quot;}\" data-widget_type=\"gallery.default\">\n\t\t\t\t<div class=\"elementor-widget-container\">\n\t\t\t\t\t\t\t<div class=\"elementor-gallery__container\">\n\t\t\t\t\t\t\t<a class=\"e-gallery-item elementor-gallery-item elementor-animated-content\" href=\"https:\/\/personligtdesign.dk\/wp-content\/uploads\/2023\/01\/Klistermaerke-med-baggrundspapir-2.jpg\" data-elementor-open-lightbox=\"yes\" data-elementor-lightbox-slideshow=\"ff3ad98\" data-elementor-lightbox-title=\"Billede_p\u00e5_vej_Brompton_300x292\" data-e-action-hash=\"#elementor-action%3Aaction%3Dlightbox%26settings%3DeyJpZCI6MTY2OTAsInVybCI6Imh0dHBzOlwvXC9wZXJzb25saWd0ZGVzaWduLmRrXC93cC1jb250ZW50XC91cGxvYWRzXC8yMDIzXC8wMVwvS2xpc3Rlcm1hZXJrZS1tZWQtYmFnZ3J1bmRzcGFwaXItMi5qcGciLCJzbGlkZXNob3ciOiJmZjNhZDk4In0%3D\">\n\t\t\t\t\t<div class=\"e-gallery-image elementor-gallery-item__image\" data-thumbnail=\"https:\/\/personligtdesign.dk\/wp-content\/uploads\/2023\/01\/Klistermaerke-med-baggrundspapir-2.jpg\" data-width=\"300\" data-height=\"300\" aria-label=\"Hvordan bruge klisterm\u00e6rker- s\u00e5dan - vejledning med baggrundspapir\" role=\"img\" ><\/div>\n\t\t\t\t\t\t\t\t\t\t\t<div class=\"elementor-gallery-item__overlay\"><\/div>\n\t\t\t\t\t\t\t\t\t\t\t\t\t\t<\/a>\n\t\t\t\t\t\t\t<a class=\"e-gallery-item elementor-gallery-item elementor-animated-content\" href=\"https:\/\/personligtdesign.dk\/wp-content\/uploads\/2023\/01\/Klistermaerke-faerdig_ny-1.jpg\" data-elementor-open-lightbox=\"yes\" data-elementor-lightbox-slideshow=\"ff3ad98\" data-elementor-lightbox-title=\"Billede_p\u00e5_vej_Brompton_300x292\" data-e-action-hash=\"#elementor-action%3Aaction%3Dlightbox%26settings%3DeyJpZCI6MTY3MDcsInVybCI6Imh0dHBzOlwvXC9wZXJzb25saWd0ZGVzaWduLmRrXC93cC1jb250ZW50XC91cGxvYWRzXC8yMDIzXC8wMVwvS2xpc3Rlcm1hZXJrZS1mYWVyZGlnX255LTEuanBnIiwic2xpZGVzaG93IjoiZmYzYWQ5OCJ9\">\n\t\t\t\t\t<div class=\"e-gallery-image elementor-gallery-item__image\" data-thumbnail=\"https:\/\/personligtdesign.dk\/wp-content\/uploads\/2023\/01\/Klistermaerke-faerdig_ny-1.jpg\" data-width=\"300\" data-height=\"300\" aria-label=\"Hvordan bruge klisterm\u00e6rker- s\u00e5dan - vejledning\" role=\"img\" ><\/div>\n\t\t\t\t\t\t\t\t\t\t\t<div class=\"elementor-gallery-item__overlay\"><\/div>\n\t\t\t\t\t\t\t\t\t\t\t\t\t\t<\/a>\n\t\t\t\t\t<\/div>\n\t\t\t\t\t<\/div>\n\t\t\t\t<\/div>\n\t\t\t\t<div class=\"elementor-element elementor-element-a78d9ec elementor-widget elementor-widget-gallery\" data-id=\"a78d9ec\" data-element_type=\"widget\" data-e-type=\"widget\" data-settings=\"{&quot;columns&quot;:3,&quot;aspect_ratio&quot;:&quot;1:1&quot;,&quot;lazyload&quot;:&quot;yes&quot;,&quot;gallery_layout&quot;:&quot;grid&quot;,&quot;columns_tablet&quot;:2,&quot;columns_mobile&quot;:1,&quot;gap&quot;:{&quot;unit&quot;:&quot;px&quot;,&quot;size&quot;:10,&quot;sizes&quot;:[]},&quot;gap_tablet&quot;:{&quot;unit&quot;:&quot;px&quot;,&quot;size&quot;:10,&quot;sizes&quot;:[]},&quot;gap_mobile&quot;:{&quot;unit&quot;:&quot;px&quot;,&quot;size&quot;:10,&quot;sizes&quot;:[]},&quot;link_to&quot;:&quot;file&quot;,&quot;overlay_background&quot;:&quot;yes&quot;,&quot;content_hover_animation&quot;:&quot;fade-in&quot;}\" data-widget_type=\"gallery.default\">\n\t\t\t\t<div class=\"elementor-widget-container\">\n\t\t\t\t\t\t\t<div class=\"elementor-gallery__container\">\n\t\t\t\t\t<\/div>\n\t\t\t\t\t<\/div>\n\t\t\t\t<\/div>\n\t\t\t\t<div class=\"elementor-element elementor-element-68a7552 elementor-widget elementor-widget-heading\" data-id=\"68a7552\" data-element_type=\"widget\" data-e-type=\"widget\" data-widget_type=\"heading.default\">\n\t\t\t\t<div class=\"elementor-widget-container\">\n\t\t\t\t\t<h3 class=\"elementor-heading-title elementor-size-default\">S\u00e5dan overf\u00f8rer du klisterm\u00e6rkerne<\/h3>\t\t\t\t<\/div>\n\t\t\t\t<\/div>\n\t\t\t\t<div class=\"elementor-element elementor-element-c6d27fd elementor-widget elementor-widget-text-editor\" data-id=\"c6d27fd\" data-element_type=\"widget\" data-e-type=\"widget\" data-widget_type=\"text-editor.default\">\n\t\t\t\t<div class=\"elementor-widget-container\">\n\t\t\t\t\t\t\t\t\t<p>Du kan kl\u00e6be tekster\/tal\/figurer p\u00e5 de fleste materialer. De skal blot v\u00e6re rene og t\u00f8rre.<\/p>\n<p>F\u00f8r du g\u00e5r videre, skal du finde ud af, pr\u00e6cis hvor klisterm\u00e6rkerne skal sidde.<\/p>\t\t\t\t\t\t\t\t<\/div>\n\t\t\t\t<\/div>\n\t\t\t\t<div class=\"elementor-element elementor-element-6348bd7 elementor-widget elementor-widget-heading\" data-id=\"6348bd7\" data-element_type=\"widget\" data-e-type=\"widget\" data-widget_type=\"heading.default\">\n\t\t\t\t<div class=\"elementor-widget-container\">\n\t\t\t\t\t<h4 class=\"elementor-heading-title elementor-size-default\">S\u00e5dan f\u00e5r du klisterm\u00e6rkerne over p\u00e5 overf\u00f8rselstapen<\/h4>\t\t\t\t<\/div>\n\t\t\t\t<\/div>\n\t\t\t\t<div class=\"elementor-element elementor-element-dc8d0c5 elementor-widget elementor-widget-text-editor\" data-id=\"dc8d0c5\" data-element_type=\"widget\" data-e-type=\"widget\" data-widget_type=\"text-editor.default\">\n\t\t\t\t<div class=\"elementor-widget-container\">\n\t\t\t\t\t\t\t\t\t<p>Alle tekster\/tal\/figurer sidder fast p\u00e5 den gennemsigtige overf\u00f8rselstape.<\/p>\n<p>Stryg f\u00f8rst med fx et plastikkort (du f\u00e5r et med) p\u00e5 overf\u00f8rselstapen. Tr\u00e6k langsomt og forsigtigt overf\u00f8rselstapen og baggrundspapiret fra hinanden.<\/p>\n<p>Lige s\u00e5 snart noget af teksten\/tallene\/figurerne ikke f\u00f8lger med over, skal du:<\/p>\n<p>1. samle den n\u00f8dvendige del af overf\u00f8rselstapen med baggrundspapiret<\/p>\n<p>2. stryge med plastikkortet p\u00e5 overf\u00f8rselstapen<\/p>\t\t\t\t\t\t\t\t<\/div>\n\t\t\t\t<\/div>\n\t\t\t\t<div class=\"elementor-element elementor-element-f513ff3 elementor-widget elementor-widget-heading\" data-id=\"f513ff3\" data-element_type=\"widget\" data-e-type=\"widget\" data-widget_type=\"heading.default\">\n\t\t\t\t<div class=\"elementor-widget-container\">\n\t\t\t\t\t<h4 class=\"elementor-heading-title elementor-size-default\">F\u00e5 klisterm\u00e6rkerne over p\u00e5 fx postkassen<\/h4>\t\t\t\t<\/div>\n\t\t\t\t<\/div>\n\t\t\t\t<div class=\"elementor-element elementor-element-9757cbc elementor-widget elementor-widget-text-editor\" data-id=\"9757cbc\" data-element_type=\"widget\" data-e-type=\"widget\" data-widget_type=\"text-editor.default\">\n\t\t\t\t<div class=\"elementor-widget-container\">\n\t\t\t\t\t\t\t\t\t<p>Placer overf\u00f8rselstapen p\u00e5 postkassen. Stryg med plastikkortet p\u00e5 overf\u00f8rselstapen.<\/p>\n<p>Nu kan du langsomt og forsigtigt fjerne overf\u00f8rselstapen.<\/p>\n<p>Hvis ikke alle tekster\/tal\/figurer f\u00f8lger med over p\u00e5 postkassen, skal du:<\/p>\n<p>1. kl\u00e6b forsigtigt den n\u00f8dvendige del af overf\u00f8rselstapen p\u00e5 postkassen igen<\/p>\n<p>2. stryg med plastikkortet p\u00e5 overf\u00f8rselstapen<\/p>\n<p>N\u00e5r alt er p\u00e5 plads, kan du forsigtigt stryge over klisterm\u00e6rkerne med en finger, s\u00e5 det hele sidder godt fast.<\/p>\t\t\t\t\t\t\t\t<\/div>\n\t\t\t\t<\/div>\n\t\t\t\t<div class=\"elementor-element elementor-element-e97fe65 elementor-widget elementor-widget-heading\" data-id=\"e97fe65\" data-element_type=\"widget\" data-e-type=\"widget\" data-widget_type=\"heading.default\">\n\t\t\t\t<div class=\"elementor-widget-container\">\n\t\t\t\t\t<h4 class=\"elementor-heading-title elementor-size-default\">S\u00e5dan fjerner du klisterm\u00e6rkerne<\/h4>\t\t\t\t<\/div>\n\t\t\t\t<\/div>\n\t\t\t\t<div class=\"elementor-element elementor-element-b0e1f05 elementor-widget elementor-widget-text-editor\" data-id=\"b0e1f05\" data-element_type=\"widget\" data-e-type=\"widget\" data-widget_type=\"text-editor.default\">\n\t\t\t\t<div class=\"elementor-widget-container\">\n\t\t\t\t\t\t\t\t\t<p>Alt efter, hvad du har sat klisterm\u00e6rkerne p\u00e5, kan du enten forsigtigt pr\u00f8ve at tr\u00e6kke klisterm\u00e6rkerne af eller f\u00f8rst varme dem lidt med fx en h\u00e5rt\u00f8rrer.<\/p>\t\t\t\t\t\t\t\t<\/div>\n\t\t\t\t<\/div>\n\t\t\t\t<div class=\"elementor-element elementor-element-1581485 elementor-widget elementor-widget-heading\" data-id=\"1581485\" data-element_type=\"widget\" data-e-type=\"widget\" data-widget_type=\"heading.default\">\n\t\t\t\t<div class=\"elementor-widget-container\">\n\t\t\t\t\t<h3 class=\"elementor-heading-title elementor-size-default\">Sp\u00f8rgsm\u00e5l<\/h3>\t\t\t\t<\/div>\n\t\t\t\t<\/div>\n\t\t\t\t<div class=\"elementor-element elementor-element-98aaa63 elementor-widget elementor-widget-text-editor\" data-id=\"98aaa63\" data-element_type=\"widget\" data-e-type=\"widget\" data-widget_type=\"text-editor.default\">\n\t\t\t\t<div class=\"elementor-widget-container\">\n\t\t\t\t\t\t\t\t\t<p><\/p>\n<p>Send en mail til info@PersonligtDesign.dk eller ring p\u00e5 tlf. 51 15 00 98, hvis du er i tvivl om noget, eller noget driller.<\/p>\n<p><\/p>\t\t\t\t\t\t\t\t<\/div>\n\t\t\t\t<\/div>\n\t\t\t\t\t<\/div>\n\t\t<\/div>\n\t\t\t\t\t<\/div>\n\t\t<\/section>\n\t\t\t\t<section class=\"elementor-section elementor-top-section elementor-element elementor-element-eefe39b elementor-section-boxed elementor-section-height-default elementor-section-height-default\" data-id=\"eefe39b\" data-element_type=\"section\" data-e-type=\"section\">\n\t\t\t\t\t\t<div class=\"elementor-container elementor-column-gap-default\">\n\t\t\t\t\t<div class=\"elementor-column elementor-col-100 elementor-top-column elementor-element elementor-element-3eaef17\" data-id=\"3eaef17\" data-element_type=\"column\" data-e-type=\"column\">\n\t\t\t<div class=\"elementor-widget-wrap elementor-element-populated\">\n\t\t\t\t\t\t<div class=\"elementor-element elementor-element-edd0b35 elementor-widget-divider--view-line elementor-widget elementor-widget-global elementor-global-2160 elementor-widget-divider\" data-id=\"edd0b35\" data-element_type=\"widget\" data-e-type=\"widget\" data-widget_type=\"divider.default\">\n\t\t\t\t<div class=\"elementor-widget-container\">\n\t\t\t\t\t\t\t<div class=\"elementor-divider\">\n\t\t\t<span class=\"elementor-divider-separator\">\n\t\t\t\t\t\t<\/span>\n\t\t<\/div>\n\t\t\t\t\t\t<\/div>\n\t\t\t\t<\/div>\n\t\t\t\t\t<\/div>\n\t\t<\/div>\n\t\t\t\t\t<\/div>\n\t\t<\/section>\n\t\t\t\t<section class=\"elementor-section elementor-top-section elementor-element elementor-element-f6ebb57 elementor-section-boxed elementor-section-height-default elementor-section-height-default\" data-id=\"f6ebb57\" data-element_type=\"section\" data-e-type=\"section\">\n\t\t\t\t\t\t<div class=\"elementor-container elementor-column-gap-default\">\n\t\t\t\t\t<div class=\"elementor-column elementor-col-100 elementor-top-column elementor-element elementor-element-33e4353\" data-id=\"33e4353\" data-element_type=\"column\" data-e-type=\"column\">\n\t\t\t<div class=\"elementor-widget-wrap elementor-element-populated\">\n\t\t\t\t\t\t<div class=\"elementor-element elementor-element-fce0ecb elementor-widget__width-initial elementor-widget elementor-widget-global elementor-global-2169 elementor-widget-heading\" data-id=\"fce0ecb\" data-element_type=\"widget\" data-e-type=\"widget\" data-widget_type=\"heading.default\">\n\t\t\t\t<div class=\"elementor-widget-container\">\n\t\t\t\t\t<h2 class=\"elementor-heading-title elementor-size-default\">Bestil her<\/h2>\t\t\t\t<\/div>\n\t\t\t\t<\/div>\n\t\t\t\t\t<\/div>\n\t\t<\/div>\n\t\t\t\t\t<\/div>\n\t\t<\/section>\n\t\t\t\t<section class=\"elementor-section elementor-top-section elementor-element elementor-element-42ba1af elementor-section-boxed elementor-section-height-default elementor-section-height-default\" data-id=\"42ba1af\" data-element_type=\"section\" data-e-type=\"section\">\n\t\t\t\t\t\t<div class=\"elementor-container elementor-column-gap-default\">\n\t\t\t\t\t<div class=\"elementor-column elementor-col-100 elementor-top-column elementor-element elementor-element-74f5a4f\" data-id=\"74f5a4f\" data-element_type=\"column\" data-e-type=\"column\">\n\t\t\t<div class=\"elementor-widget-wrap elementor-element-populated\">\n\t\t\t\t\t\t<div class=\"elementor-element elementor-element-9d2e525 elementor-widget elementor-widget-global elementor-global-2172 elementor-widget-text-editor\" data-id=\"9d2e525\" data-element_type=\"widget\" data-e-type=\"widget\" data-widget_type=\"text-editor.default\">\n\t\t\t\t<div class=\"elementor-widget-container\">\n\t\t\t\t\t\t\t\t\t<p>Udfyld formularen eller send en mail til info@personligtdesign.dk.<br \/>S\u00e5 f\u00e5r du et godt tilbud.<\/p><p>Forsendelse til DAO pakkeshop i Danmark koster 44 kr.<\/p>\t\t\t\t\t\t\t\t<\/div>\n\t\t\t\t<\/div>\n\t\t\t\t\t<\/div>\n\t\t<\/div>\n\t\t\t\t\t<\/div>\n\t\t<\/section>\n\t\t\t\t<section class=\"elementor-section elementor-top-section elementor-element elementor-element-c54baa0 elementor-section-boxed elementor-section-height-default elementor-section-height-default\" data-id=\"c54baa0\" data-element_type=\"section\" data-e-type=\"section\">\n\t\t\t\t\t\t<div class=\"elementor-container elementor-column-gap-default\">\n\t\t\t\t\t<div class=\"elementor-column elementor-col-100 elementor-top-column elementor-element elementor-element-04ac174\" data-id=\"04ac174\" data-element_type=\"column\" data-e-type=\"column\">\n\t\t\t<div class=\"elementor-widget-wrap elementor-element-populated\">\n\t\t\t\t\t\t<div class=\"elementor-element elementor-element-3e2c4dd elementor-button-align-stretch elementor-widget elementor-widget-global elementor-global-1661 elementor-widget-form\" data-id=\"3e2c4dd\" data-element_type=\"widget\" data-e-type=\"widget\" data-settings=\"{&quot;step_next_label&quot;:&quot;N\\u00e6ste&quot;,&quot;step_previous_label&quot;:&quot;Tidligere&quot;,&quot;button_width&quot;:&quot;100&quot;,&quot;step_type&quot;:&quot;number_text&quot;,&quot;step_icon_shape&quot;:&quot;circle&quot;}\" data-widget_type=\"form.default\">\n\t\t\t\t<div class=\"elementor-widget-container\">\n\t\t\t\t\t\t\t<form class=\"elementor-form\" method=\"post\" name=\"Bestil\" aria-label=\"Bestil\">\n\t\t\t<input type=\"hidden\" name=\"post_id\" value=\"686\"\/>\n\t\t\t<input type=\"hidden\" name=\"form_id\" value=\"3e2c4dd\"\/>\n\t\t\t<input type=\"hidden\" name=\"referer_title\" value=\"\" \/>\n\n\t\t\t\n\t\t\t<div class=\"elementor-form-fields-wrapper elementor-labels-above\">\n\t\t\t\t\t\t\t\t<div class=\"elementor-field-type-text elementor-field-group elementor-column elementor-field-group-field_4c87c32 elementor-col-100 elementor-field-required\">\n\t\t\t\t\t\t\t\t\t\t\t\t<label for=\"form-field-field_4c87c32\" class=\"elementor-field-label\">\n\t\t\t\t\t\t\t\tNavn\/firma (skal udfyldes):\t\t\t\t\t\t\t<\/label>\n\t\t\t\t\t\t\t\t\t\t\t\t\t\t<input size=\"1\" type=\"text\" name=\"form_fields[field_4c87c32]\" id=\"form-field-field_4c87c32\" class=\"elementor-field elementor-size-sm  elementor-field-textual\" required=\"required\">\n\t\t\t\t\t\t\t\t\t\t\t<\/div>\n\t\t\t\t\t\t\t\t<div class=\"elementor-field-type-text elementor-field-group elementor-column elementor-field-group-field_d415b97 elementor-col-100 elementor-field-required\">\n\t\t\t\t\t\t\t\t\t\t\t\t<label for=\"form-field-field_d415b97\" class=\"elementor-field-label\">\n\t\t\t\t\t\t\t\tE-mail (skal udfyldes): \t\t\t\t\t\t\t<\/label>\n\t\t\t\t\t\t\t\t\t\t\t\t\t\t<input size=\"1\" type=\"text\" name=\"form_fields[field_d415b97]\" id=\"form-field-field_d415b97\" class=\"elementor-field elementor-size-sm  elementor-field-textual\" required=\"required\">\n\t\t\t\t\t\t\t\t\t\t\t<\/div>\n\t\t\t\t\t\t\t\t<div class=\"elementor-field-type-text elementor-field-group elementor-column elementor-field-group-field_6d605fe elementor-col-100\">\n\t\t\t\t\t\t\t\t\t\t\t\t<label for=\"form-field-field_6d605fe\" class=\"elementor-field-label\">\n\t\t\t\t\t\t\t\tAdresse + postnr.:\t\t\t\t\t\t\t<\/label>\n\t\t\t\t\t\t\t\t\t\t\t\t\t\t<input size=\"1\" type=\"text\" name=\"form_fields[field_6d605fe]\" id=\"form-field-field_6d605fe\" class=\"elementor-field elementor-size-sm  elementor-field-textual\">\n\t\t\t\t\t\t\t\t\t\t\t<\/div>\n\t\t\t\t\t\t\t\t<div class=\"elementor-field-type-text elementor-field-group elementor-column elementor-field-group-field_7d10a98 elementor-col-100\">\n\t\t\t\t\t\t\t\t\t\t\t\t<label for=\"form-field-field_7d10a98\" class=\"elementor-field-label\">\n\t\t\t\t\t\t\t\tTelefon:\t\t\t\t\t\t\t<\/label>\n\t\t\t\t\t\t\t\t\t\t\t\t\t\t<input size=\"1\" type=\"text\" name=\"form_fields[field_7d10a98]\" id=\"form-field-field_7d10a98\" class=\"elementor-field elementor-size-sm  elementor-field-textual\">\n\t\t\t\t\t\t\t\t\t\t\t<\/div>\n\t\t\t\t\t\t\t\t<div class=\"elementor-field-type-text elementor-field-group elementor-column elementor-field-group-field_11efc00 elementor-col-100\">\n\t\t\t\t\t\t\t\t\t\t\t\t<label for=\"form-field-field_11efc00\" class=\"elementor-field-label\">\n\t\t\t\t\t\t\t\tProdukt: Klisterm\u00e6rker, strygem\u00e6rker eller andet:\t\t\t\t\t\t\t<\/label>\n\t\t\t\t\t\t\t\t\t\t\t\t\t\t<input size=\"1\" type=\"text\" name=\"form_fields[field_11efc00]\" id=\"form-field-field_11efc00\" class=\"elementor-field elementor-size-sm  elementor-field-textual\">\n\t\t\t\t\t\t\t\t\t\t\t<\/div>\n\t\t\t\t\t\t\t\t<div class=\"elementor-field-type-text elementor-field-group elementor-column elementor-field-group-field_6885f60 elementor-col-100\">\n\t\t\t\t\t\t\t\t\t\t\t\t<label for=\"form-field-field_6885f60\" class=\"elementor-field-label\">\n\t\t\t\t\t\t\t\tSt\u00f8rrelse:\t\t\t\t\t\t\t<\/label>\n\t\t\t\t\t\t\t\t\t\t\t\t\t\t<input size=\"1\" type=\"text\" name=\"form_fields[field_6885f60]\" id=\"form-field-field_6885f60\" class=\"elementor-field elementor-size-sm  elementor-field-textual\">\n\t\t\t\t\t\t\t\t\t\t\t<\/div>\n\t\t\t\t\t\t\t\t<div class=\"elementor-field-type-text elementor-field-group elementor-column elementor-field-group-field_098d8ae elementor-col-100\">\n\t\t\t\t\t\t\t\t\t\t\t\t<label for=\"form-field-field_098d8ae\" class=\"elementor-field-label\">\n\t\t\t\t\t\t\t\tFarve:\t\t\t\t\t\t\t<\/label>\n\t\t\t\t\t\t\t\t\t\t\t\t\t\t<input size=\"1\" type=\"text\" name=\"form_fields[field_098d8ae]\" id=\"form-field-field_098d8ae\" class=\"elementor-field elementor-size-sm  elementor-field-textual\">\n\t\t\t\t\t\t\t\t\t\t\t<\/div>\n\t\t\t\t\t\t\t\t<div class=\"elementor-field-type-text elementor-field-group elementor-column elementor-field-group-field_c9b14f5 elementor-col-100\">\n\t\t\t\t\t\t\t\t\t\t\t\t<label for=\"form-field-field_c9b14f5\" class=\"elementor-field-label\">\n\t\t\t\t\t\t\t\tAntal:\t\t\t\t\t\t\t<\/label>\n\t\t\t\t\t\t\t\t\t\t\t\t\t\t<input size=\"1\" type=\"text\" name=\"form_fields[field_c9b14f5]\" id=\"form-field-field_c9b14f5\" class=\"elementor-field elementor-size-sm  elementor-field-textual\">\n\t\t\t\t\t\t\t\t\t\t\t<\/div>\n\t\t\t\t\t\t\t\t<div class=\"elementor-field-type-text elementor-field-group elementor-column elementor-field-group-field_d68fa82 elementor-col-100\">\n\t\t\t\t\t\t\t\t\t\t\t\t<label for=\"form-field-field_d68fa82\" class=\"elementor-field-label\">\n\t\t\t\t\t\t\t\tKommentarer:\t\t\t\t\t\t\t<\/label>\n\t\t\t\t\t\t\t\t\t\t\t\t\t\t<input size=\"1\" type=\"text\" name=\"form_fields[field_d68fa82]\" id=\"form-field-field_d68fa82\" class=\"elementor-field elementor-size-sm  elementor-field-textual\">\n\t\t\t\t\t\t\t\t\t\t\t<\/div>\n\t\t\t\t\t\t\t\t<div class=\"elementor-field-type-upload elementor-field-group elementor-column elementor-field-group-field_2e50c5a elementor-col-100\">\n\t\t\t\t\t\t\t\t\t\t\t\t<label for=\"form-field-field_2e50c5a\" class=\"elementor-field-label\">\n\t\t\t\t\t\t\t\tVedl\u00e6g fil\t\t\t\t\t\t\t<\/label>\n\t\t\t\t\t\t\t\t<input type=\"file\" name=\"form_fields[field_2e50c5a]\" id=\"form-field-field_2e50c5a\" class=\"elementor-field elementor-size-sm  elementor-upload-field\">\n\n\t\t\t\t\t\t<\/div>\n\t\t\t\t\t\t\t\t<div class=\"elementor-field-group elementor-column elementor-field-type-submit elementor-col-100 e-form__buttons\">\n\t\t\t\t\t<button class=\"elementor-button elementor-size-sm\" type=\"submit\">\n\t\t\t\t\t\t<span class=\"elementor-button-content-wrapper\">\n\t\t\t\t\t\t\t\t\t\t\t\t\t\t\t\t\t\t\t\t\t\t<span class=\"elementor-button-text\">Send<\/span>\n\t\t\t\t\t\t\t\t\t\t\t\t\t<\/span>\n\t\t\t\t\t<\/button>\n\t\t\t\t<\/div>\n\t\t\t<\/div>\n\t\t<\/form>\n\t\t\t\t\t\t<\/div>\n\t\t\t\t<\/div>\n\t\t\t\t\t<\/div>\n\t\t<\/div>\n\t\t\t\t\t<\/div>\n\t\t<\/section>\n\t\t\t\t<\/div>\n\t\t","protected":false},"excerpt":{"rendered":"<p>Hvordan s\u00e6tter jeg klisterm\u00e6rker\/stickers p\u00e5? Bestil her Hvis du fx f\u00e5r et navn eller anden tekst, vil det hele v\u00e6re samlet, s\u00e5 du ikke skal&hellip;<\/p>\n","protected":false},"author":1,"featured_media":0,"parent":0,"menu_order":0,"comment_status":"closed","ping_status":"closed","template":"","meta":{"footnotes":""},"class_list":["post-686","page","type-page","status-publish","hentry"],"_links":{"self":[{"href":"https:\/\/personligtdesign.dk\/index.php\/wp-json\/wp\/v2\/pages\/686","targetHints":{"allow":["GET"]}}],"collection":[{"href":"https:\/\/personligtdesign.dk\/index.php\/wp-json\/wp\/v2\/pages"}],"about":[{"href":"https:\/\/personligtdesign.dk\/index.php\/wp-json\/wp\/v2\/types\/page"}],"author":[{"embeddable":true,"href":"https:\/\/personligtdesign.dk\/index.php\/wp-json\/wp\/v2\/users\/1"}],"replies":[{"embeddable":true,"href":"https:\/\/personligtdesign.dk\/index.php\/wp-json\/wp\/v2\/comments?post=686"}],"version-history":[{"count":97,"href":"https:\/\/personligtdesign.dk\/index.php\/wp-json\/wp\/v2\/pages\/686\/revisions"}],"predecessor-version":[{"id":17821,"href":"https:\/\/personligtdesign.dk\/index.php\/wp-json\/wp\/v2\/pages\/686\/revisions\/17821"}],"wp:attachment":[{"href":"https:\/\/personligtdesign.dk\/index.php\/wp-json\/wp\/v2\/media?parent=686"}],"curies":[{"name":"wp","href":"https:\/\/api.w.org\/{rel}","templated":true}]}}