{"id":6546,"date":"2020-12-11T14:57:37","date_gmt":"2020-12-11T13:57:37","guid":{"rendered":"https:\/\/personligtdesign.dk\/?page_id=6546"},"modified":"2024-06-04T20:02:52","modified_gmt":"2024-06-04T18:02:52","slug":"vejledning-strygestof-tekstilfolie","status":"publish","type":"page","link":"https:\/\/personligtdesign.dk\/index.php\/vejledning-strygestof-tekstilfolie\/","title":{"rendered":"Vejledning &#8211; strygem\u00e6rker\/tekstilfolie"},"content":{"rendered":"\t\t<div data-elementor-type=\"wp-page\" data-elementor-id=\"6546\" class=\"elementor elementor-6546\" data-elementor-post-type=\"page\">\n\t\t\t\t\t\t<section class=\"elementor-section elementor-top-section elementor-element elementor-element-aaebfec elementor-section-boxed elementor-section-height-default elementor-section-height-default\" data-id=\"aaebfec\" data-element_type=\"section\" data-e-type=\"section\">\n\t\t\t\t\t\t<div class=\"elementor-container elementor-column-gap-default\">\n\t\t\t\t\t<div class=\"elementor-column elementor-col-100 elementor-top-column elementor-element elementor-element-1f6c3a3\" data-id=\"1f6c3a3\" data-element_type=\"column\" data-e-type=\"column\">\n\t\t\t<div class=\"elementor-widget-wrap elementor-element-populated\">\n\t\t\t\t\t\t<div class=\"elementor-element elementor-element-ff82709 elementor-widget elementor-widget-heading\" data-id=\"ff82709\" data-element_type=\"widget\" data-e-type=\"widget\" data-widget_type=\"heading.default\">\n\t\t\t\t<div class=\"elementor-widget-container\">\n\t\t\t\t\t<h2 class=\"elementor-heading-title elementor-size-default\">Hvordan stryger jeg strygem\u00e6rker p\u00e5 t\u00f8jet?<\/h2>\t\t\t\t<\/div>\n\t\t\t\t<\/div>\n\t\t\t\t<div class=\"elementor-element elementor-element-4cd9ca4 elementor-align-left elementor-widget elementor-widget-global elementor-global-16809 elementor-widget-button\" data-id=\"4cd9ca4\" data-element_type=\"widget\" data-e-type=\"widget\" data-widget_type=\"button.default\">\n\t\t\t\t<div class=\"elementor-widget-container\">\n\t\t\t\t\t\t\t\t\t<div class=\"elementor-button-wrapper\">\n\t\t\t\t\t<a class=\"elementor-button elementor-button-link elementor-size-sm\" href=\"https:\/\/personligtdesign.dk\/index.php\/bestil-her\/\">\n\t\t\t\t\t\t<span class=\"elementor-button-content-wrapper\">\n\t\t\t\t\t\t\t\t\t<span class=\"elementor-button-text\">Bestil her<\/span>\n\t\t\t\t\t<\/span>\n\t\t\t\t\t<\/a>\n\t\t\t\t<\/div>\n\t\t\t\t\t\t\t\t<\/div>\n\t\t\t\t<\/div>\n\t\t\t\t<div class=\"elementor-element elementor-element-c7c3fea elementor-widget elementor-widget-gallery\" data-id=\"c7c3fea\" data-element_type=\"widget\" data-e-type=\"widget\" data-settings=\"{&quot;columns&quot;:2,&quot;gap&quot;:{&quot;unit&quot;:&quot;px&quot;,&quot;size&quot;:64,&quot;sizes&quot;:[]},&quot;aspect_ratio&quot;:&quot;1:1&quot;,&quot;lazyload&quot;:&quot;yes&quot;,&quot;gallery_layout&quot;:&quot;grid&quot;,&quot;columns_tablet&quot;:2,&quot;columns_mobile&quot;:1,&quot;gap_tablet&quot;:{&quot;unit&quot;:&quot;px&quot;,&quot;size&quot;:10,&quot;sizes&quot;:[]},&quot;gap_mobile&quot;:{&quot;unit&quot;:&quot;px&quot;,&quot;size&quot;:10,&quot;sizes&quot;:[]},&quot;link_to&quot;:&quot;file&quot;,&quot;overlay_background&quot;:&quot;yes&quot;,&quot;content_hover_animation&quot;:&quot;fade-in&quot;}\" data-widget_type=\"gallery.default\">\n\t\t\t\t<div class=\"elementor-widget-container\">\n\t\t\t\t\t\t\t<div class=\"elementor-gallery__container\">\n\t\t\t\t\t\t\t<a class=\"e-gallery-item elementor-gallery-item elementor-animated-content\" href=\"https:\/\/personligtdesign.dk\/wp-content\/uploads\/2023\/01\/Strygemaerke-med-plast_ny.jpg\" data-elementor-open-lightbox=\"yes\" data-elementor-lightbox-slideshow=\"c7c3fea\" data-elementor-lightbox-title=\"Billede_p\u00e5_vej_Brompton_300x292\" data-e-action-hash=\"#elementor-action%3Aaction%3Dlightbox%26settings%3DeyJpZCI6MTY3MTUsInVybCI6Imh0dHBzOlwvXC9wZXJzb25saWd0ZGVzaWduLmRrXC93cC1jb250ZW50XC91cGxvYWRzXC8yMDIzXC8wMVwvU3RyeWdlbWFlcmtlLW1lZC1wbGFzdF9ueS5qcGciLCJzbGlkZXNob3ciOiJjN2MzZmVhIn0%3D\">\n\t\t\t\t\t<div class=\"e-gallery-image elementor-gallery-item__image\" data-thumbnail=\"https:\/\/personligtdesign.dk\/wp-content\/uploads\/2023\/01\/Strygemaerke-med-plast_ny.jpg\" data-width=\"300\" data-height=\"300\" aria-label=\"Hvordan bruge strygem\u00e6rker - s\u00e5dan - vejledning med plast\" role=\"img\" ><\/div>\n\t\t\t\t\t\t\t\t\t\t\t<div class=\"elementor-gallery-item__overlay\"><\/div>\n\t\t\t\t\t\t\t\t\t\t\t\t\t\t<\/a>\n\t\t\t\t\t\t\t<a class=\"e-gallery-item elementor-gallery-item elementor-animated-content\" href=\"https:\/\/personligtdesign.dk\/wp-content\/uploads\/2023\/01\/Strygemaerke-faerdig_ny.jpg\" data-elementor-open-lightbox=\"yes\" data-elementor-lightbox-slideshow=\"c7c3fea\" data-elementor-lightbox-title=\"Billede_p\u00e5_vej_Brompton_300x292\" data-e-action-hash=\"#elementor-action%3Aaction%3Dlightbox%26settings%3DeyJpZCI6MTY3MTQsInVybCI6Imh0dHBzOlwvXC9wZXJzb25saWd0ZGVzaWduLmRrXC93cC1jb250ZW50XC91cGxvYWRzXC8yMDIzXC8wMVwvU3RyeWdlbWFlcmtlLWZhZXJkaWdfbnkuanBnIiwic2xpZGVzaG93IjoiYzdjM2ZlYSJ9\">\n\t\t\t\t\t<div class=\"e-gallery-image elementor-gallery-item__image\" data-thumbnail=\"https:\/\/personligtdesign.dk\/wp-content\/uploads\/2023\/01\/Strygemaerke-faerdig_ny.jpg\" data-width=\"300\" data-height=\"300\" aria-label=\"Hvordan bruge strygem\u00e6rker - s\u00e5dan - vejledning\" role=\"img\" ><\/div>\n\t\t\t\t\t\t\t\t\t\t\t<div class=\"elementor-gallery-item__overlay\"><\/div>\n\t\t\t\t\t\t\t\t\t\t\t\t\t\t<\/a>\n\t\t\t\t\t<\/div>\n\t\t\t\t\t<\/div>\n\t\t\t\t<\/div>\n\t\t\t\t<div class=\"elementor-element elementor-element-4867ed9 elementor-widget elementor-widget-text-editor\" data-id=\"4867ed9\" data-element_type=\"widget\" data-e-type=\"widget\" data-widget_type=\"text-editor.default\">\n\t\t\t\t<div class=\"elementor-widget-container\">\n\t\t\t\t\t\t\t\t\t<ul>\n<li>L\u00e6g strygem\u00e6rket p\u00e5 stoffet med det gennemsigtige plastikfolie opad<\/li>\n<li>Strygejernet skal st\u00e5 p\u00e5 omkring 1-2 prikker og uden damp. Dog er strygejern forskellige, og stof tager forskelligt imod strygem\u00e6rkerne, s\u00e5 begynd hellere med for lidt varme end for meget<\/li>\n<li>L\u00e6g evt. et stykke bagepapir over hele omr\u00e5det, hvor du skal stryge. S\u00e5 kan du holde strygejernet l\u00e6ngere tid samme sted<\/li>\n<li>Varm og pres tekstilfolien med strygejernet i ca. 3-5 sekunder i f\u00f8rste omgang. Varm gerne i l\u00e6ngere tid eller flere gange. Men pr\u00f8v dig frem\n<ul>\n<li>Ingen strygebev\u00e6gelser<\/li>\n<li>Pr\u00f8v dig forsigtigt frem mht. tiden og varmen<\/li>\n<\/ul>\n<\/li>\n<li>Tag forsigtigt den gennemsigtige folie af. Det skal ikke v\u00e6re br\u00e6ndende varmt, n\u00e5r du fjerner folien.<ul>\n<li>Hvis ikke al tekst\/figurer sidder fast p\u00e5 stoffet, s\u00e5 varm og pres igen<\/li>\n<\/ul>\n<\/li>\n<li>L\u00e6g et stykke bagepapir ovenp\u00e5 teksten\/figurerne uden den gennemsigtige folie\n<ul>\n<li>Pres og varm i ca. 5 sekunder &#8211; gerne to gange eller i l\u00e6ngere tid. Men pr\u00f8v dig frem<\/li>\n<\/ul>\n<\/li>\n<\/ul>\t\t\t\t\t\t\t\t<\/div>\n\t\t\t\t<\/div>\n\t\t\t\t<div class=\"elementor-element elementor-element-6cfcee9 elementor-widget elementor-widget-gallery\" data-id=\"6cfcee9\" data-element_type=\"widget\" data-e-type=\"widget\" data-settings=\"{&quot;aspect_ratio&quot;:&quot;1:1&quot;,&quot;lazyload&quot;:&quot;yes&quot;,&quot;gallery_layout&quot;:&quot;grid&quot;,&quot;columns&quot;:4,&quot;columns_tablet&quot;:2,&quot;columns_mobile&quot;:1,&quot;gap&quot;:{&quot;unit&quot;:&quot;px&quot;,&quot;size&quot;:10,&quot;sizes&quot;:[]},&quot;gap_tablet&quot;:{&quot;unit&quot;:&quot;px&quot;,&quot;size&quot;:10,&quot;sizes&quot;:[]},&quot;gap_mobile&quot;:{&quot;unit&quot;:&quot;px&quot;,&quot;size&quot;:10,&quot;sizes&quot;:[]},&quot;link_to&quot;:&quot;file&quot;,&quot;overlay_background&quot;:&quot;yes&quot;,&quot;content_hover_animation&quot;:&quot;fade-in&quot;}\" data-widget_type=\"gallery.default\">\n\t\t\t\t<div class=\"elementor-widget-container\">\n\t\t\t\t\t\t\t<div class=\"elementor-gallery__container\">\n\t\t\t\t\t<\/div>\n\t\t\t\t\t<\/div>\n\t\t\t\t<\/div>\n\t\t\t\t<div class=\"elementor-element elementor-element-f0231f4 elementor-widget elementor-widget-heading\" data-id=\"f0231f4\" data-element_type=\"widget\" data-e-type=\"widget\" data-widget_type=\"heading.default\">\n\t\t\t\t<div class=\"elementor-widget-container\">\n\t\t\t\t\t<h3 class=\"elementor-heading-title elementor-size-default\">Vask og t\u00f8rring<\/h3>\t\t\t\t<\/div>\n\t\t\t\t<\/div>\n\t\t\t\t<div class=\"elementor-element elementor-element-9eb2f58 elementor-widget elementor-widget-text-editor\" data-id=\"9eb2f58\" data-element_type=\"widget\" data-e-type=\"widget\" data-widget_type=\"text-editor.default\">\n\t\t\t\t<div class=\"elementor-widget-container\">\n\t\t\t\t\t\t\t\t\t<ul><li>Strygestoffet kan vaskes ved op til 60 grader<\/li><li>Vrangen ud<\/li><li>T\u00e5ler ikke t\u00f8rretumbling<\/li><\/ul>\t\t\t\t\t\t\t\t<\/div>\n\t\t\t\t<\/div>\n\t\t\t\t\t<\/div>\n\t\t<\/div>\n\t\t\t\t\t<\/div>\n\t\t<\/section>\n\t\t\t\t<section class=\"elementor-section elementor-top-section elementor-element elementor-element-0f1a8bd elementor-section-boxed elementor-section-height-default elementor-section-height-default\" data-id=\"0f1a8bd\" data-element_type=\"section\" data-e-type=\"section\">\n\t\t\t\t\t\t<div class=\"elementor-container elementor-column-gap-default\">\n\t\t\t\t\t<div class=\"elementor-column elementor-col-100 elementor-top-column elementor-element elementor-element-8f328cf\" data-id=\"8f328cf\" data-element_type=\"column\" data-e-type=\"column\">\n\t\t\t<div class=\"elementor-widget-wrap\">\n\t\t\t\t\t\t\t<\/div>\n\t\t<\/div>\n\t\t\t\t\t<\/div>\n\t\t<\/section>\n\t\t\t\t<\/div>\n\t\t","protected":false},"excerpt":{"rendered":"<p>Hvordan stryger jeg strygem\u00e6rker p\u00e5 t\u00f8jet? Bestil her L\u00e6g strygem\u00e6rket p\u00e5 stoffet med det gennemsigtige plastikfolie opad Strygejernet skal st\u00e5 p\u00e5 omkring 1-2 prikker og&hellip;<\/p>\n","protected":false},"author":1,"featured_media":0,"parent":0,"menu_order":0,"comment_status":"closed","ping_status":"closed","template":"","meta":{"footnotes":""},"class_list":["post-6546","page","type-page","status-publish","hentry"],"_links":{"self":[{"href":"https:\/\/personligtdesign.dk\/index.php\/wp-json\/wp\/v2\/pages\/6546","targetHints":{"allow":["GET"]}}],"collection":[{"href":"https:\/\/personligtdesign.dk\/index.php\/wp-json\/wp\/v2\/pages"}],"about":[{"href":"https:\/\/personligtdesign.dk\/index.php\/wp-json\/wp\/v2\/types\/page"}],"author":[{"embeddable":true,"href":"https:\/\/personligtdesign.dk\/index.php\/wp-json\/wp\/v2\/users\/1"}],"replies":[{"embeddable":true,"href":"https:\/\/personligtdesign.dk\/index.php\/wp-json\/wp\/v2\/comments?post=6546"}],"version-history":[{"count":83,"href":"https:\/\/personligtdesign.dk\/index.php\/wp-json\/wp\/v2\/pages\/6546\/revisions"}],"predecessor-version":[{"id":18277,"href":"https:\/\/personligtdesign.dk\/index.php\/wp-json\/wp\/v2\/pages\/6546\/revisions\/18277"}],"wp:attachment":[{"href":"https:\/\/personligtdesign.dk\/index.php\/wp-json\/wp\/v2\/media?parent=6546"}],"curies":[{"name":"wp","href":"https:\/\/api.w.org\/{rel}","templated":true}]}}