{"id":4966,"date":"2020-10-24T08:06:06","date_gmt":"2020-10-24T06:06:06","guid":{"rendered":"https:\/\/personligtdesign.dk\/?page_id=4966"},"modified":"2023-02-15T11:19:38","modified_gmt":"2023-02-15T10:19:38","slug":"rygsaek-skopose-gymnastikpose-med-tryk-navn","status":"publish","type":"page","link":"https:\/\/personligtdesign.dk\/index.php\/rygsaek-skopose-gymnastikpose-med-tryk-navn\/","title":{"rendered":"Rygs\u00e6k-skopose-gymnastikpose med tryk og navn"},"content":{"rendered":"\t\t<div data-elementor-type=\"wp-page\" data-elementor-id=\"4966\" class=\"elementor elementor-4966\" data-elementor-post-type=\"page\">\n\t\t\t\t\t\t<section class=\"elementor-section elementor-top-section elementor-element elementor-element-b31d148 elementor-section-boxed elementor-section-height-default elementor-section-height-default\" data-id=\"b31d148\" data-element_type=\"section\" data-e-type=\"section\">\n\t\t\t\t\t\t<div class=\"elementor-container elementor-column-gap-default\">\n\t\t\t\t\t<div class=\"elementor-column elementor-col-100 elementor-top-column elementor-element elementor-element-b998044\" data-id=\"b998044\" data-element_type=\"column\" data-e-type=\"column\">\n\t\t\t<div class=\"elementor-widget-wrap elementor-element-populated\">\n\t\t\t\t\t\t<div class=\"elementor-element elementor-element-e24d0da elementor-widget elementor-widget-heading\" data-id=\"e24d0da\" data-element_type=\"widget\" data-e-type=\"widget\" data-widget_type=\"heading.default\">\n\t\t\t\t<div class=\"elementor-widget-container\">\n\t\t\t\t\t<h2 class=\"elementor-heading-title elementor-size-default\">Lille rygs\u00e6k i bomuld med navn og figurer<\/h2>\t\t\t\t<\/div>\n\t\t\t\t<\/div>\n\t\t\t\t<div class=\"elementor-element elementor-element-109aafa elementor-align-left elementor-widget elementor-widget-global elementor-global-16809 elementor-widget-button\" data-id=\"109aafa\" data-element_type=\"widget\" data-e-type=\"widget\" data-widget_type=\"button.default\">\n\t\t\t\t<div class=\"elementor-widget-container\">\n\t\t\t\t\t\t\t\t\t<div class=\"elementor-button-wrapper\">\n\t\t\t\t\t<a class=\"elementor-button elementor-button-link elementor-size-sm\" href=\"https:\/\/personligtdesign.dk\/index.php\/bestil-her\/\">\n\t\t\t\t\t\t<span class=\"elementor-button-content-wrapper\">\n\t\t\t\t\t\t\t\t\t<span class=\"elementor-button-text\">Bestil her<\/span>\n\t\t\t\t\t<\/span>\n\t\t\t\t\t<\/a>\n\t\t\t\t<\/div>\n\t\t\t\t\t\t\t\t<\/div>\n\t\t\t\t<\/div>\n\t\t\t\t<div class=\"elementor-element elementor-element-f421d74 elementor-widget elementor-widget-text-editor\" data-id=\"f421d74\" data-element_type=\"widget\" data-e-type=\"widget\" data-widget_type=\"text-editor.default\">\n\t\t\t\t<div class=\"elementor-widget-container\">\n\t\t\t\t\t\t\t\t\t<p>For 79 kr. f\u00e5r du en flot gymnastikpose med tryk a la det p\u00e5 billedet. Fx en webadresse\/navn plus et par figurer.<br \/><br \/>Rygs\u00e6kkene er 37&#215;41 cm i 100% bomuld og med en tyk l\u00e6kker sn\u00f8relukning.<br \/><br \/>Du kan v\u00e6lge mellem farverne natur, r\u00f8d, gr\u00f8n, sort, gul og hvid.<br \/><br \/><u>Trykket<\/u><br \/>V\u00e6lg selv en farve, og hvad der skal st\u00e5. Vi laver gerne layoutet for dig helt gratis.<\/p>\t\t\t\t\t\t\t\t<\/div>\n\t\t\t\t<\/div>\n\t\t\t\t<div class=\"elementor-element elementor-element-5729d2f elementor-widget elementor-widget-image\" data-id=\"5729d2f\" data-element_type=\"widget\" data-e-type=\"widget\" data-widget_type=\"image.default\">\n\t\t\t\t<div class=\"elementor-widget-container\">\n\t\t\t\t\t\t\t\t\t\t\t\t\t\t\t<img fetchpriority=\"high\" decoding=\"async\" width=\"300\" height=\"300\" src=\"https:\/\/personligtdesign.dk\/wp-content\/uploads\/2020\/10\/Gymnastikpose_rygsaek_med_tryk_300x300.jpg\" class=\"attachment-large size-large wp-image-4968\" alt=\"Gymnastikpose rygs\u00e6k med tryk strygem\u00e6rker navn figurer\" srcset=\"https:\/\/personligtdesign.dk\/wp-content\/uploads\/2020\/10\/Gymnastikpose_rygsaek_med_tryk_300x300.jpg 300w, https:\/\/personligtdesign.dk\/wp-content\/uploads\/2020\/10\/Gymnastikpose_rygsaek_med_tryk_300x300-150x150.jpg 150w\" sizes=\"(max-width: 300px) 100vw, 300px\" \/>\t\t\t\t\t\t\t\t\t\t\t\t\t\t\t<\/div>\n\t\t\t\t<\/div>\n\t\t\t\t<div class=\"elementor-element elementor-element-f8e22f7 elementor-widget elementor-widget-global elementor-global-7760 elementor-widget-heading\" data-id=\"f8e22f7\" data-element_type=\"widget\" data-e-type=\"widget\" data-widget_type=\"heading.default\">\n\t\t\t\t<div class=\"elementor-widget-container\">\n\t\t\t\t\t<h3 class=\"elementor-heading-title elementor-size-default\">Priseksempler<\/h3>\t\t\t\t<\/div>\n\t\t\t\t<\/div>\n\t\t\t\t<div class=\"elementor-element elementor-element-7138092 elementor-widget elementor-widget-global elementor-global-15815 elementor-widget-text-editor\" data-id=\"7138092\" data-element_type=\"widget\" data-e-type=\"widget\" data-widget_type=\"text-editor.default\">\n\t\t\t\t<div class=\"elementor-widget-container\">\n\t\t\t\t\t\t\t\t\t<p>(Send tekster eller navne, som det er nemmest for dig. Vi s\u00e6tter det op og sender et forslag til dig.)<\/p><p>Navne, figurer og tal er sk\u00e5ret ud, s\u00e5 der ikke er nogen baggrund p\u00e5 klisterm\u00e6rkerne\/stickers.<\/p><p><strong>Navne og tekster<\/strong> til bordkort, lys, glas, servietter osv. (op til 7 cm bred):<\/p><ul><li>1 linje tekst\u00a0 <strong>8 kr.<\/strong><\/li><li>2 linjer tekst <strong>13 kr.<\/strong><\/li><li>3 linjer tekst <strong>18 kr.<\/strong><\/li><li>4 linjer tekst <strong>23 kr.<\/strong><\/li><\/ul><p><strong>Figurer<\/strong> (fx hjerte) og tal<\/p><ul><li>1,5 cm bred <strong>2 kr.<\/strong><\/li><li>2 cm bred <strong>3\u00a0kr.<\/strong><\/li><li>3 cm bred <strong>5\u00a0kr.<\/strong><\/li><li>4 cm bred <strong>7\u00a0kr.<\/strong><\/li><li>5 cm bred <strong>9\u00a0kr.<\/strong><\/li><\/ul>\t\t\t\t\t\t\t\t<\/div>\n\t\t\t\t<\/div>\n\t\t\t\t\t<\/div>\n\t\t<\/div>\n\t\t\t\t\t<\/div>\n\t\t<\/section>\n\t\t\t\t<section class=\"elementor-section elementor-top-section elementor-element elementor-element-d247b7a elementor-section-boxed elementor-section-height-default elementor-section-height-default\" data-id=\"d247b7a\" data-element_type=\"section\" data-e-type=\"section\">\n\t\t\t\t\t\t<div class=\"elementor-container elementor-column-gap-default\">\n\t\t\t\t\t<div class=\"elementor-column elementor-col-100 elementor-top-column elementor-element elementor-element-078bbd3\" data-id=\"078bbd3\" data-element_type=\"column\" data-e-type=\"column\">\n\t\t\t<div class=\"elementor-widget-wrap elementor-element-populated\">\n\t\t\t\t\t\t<div class=\"elementor-element elementor-element-97b66e6 elementor-widget-divider--view-line elementor-widget elementor-widget-global elementor-global-2160 elementor-widget-divider\" data-id=\"97b66e6\" data-element_type=\"widget\" data-e-type=\"widget\" data-widget_type=\"divider.default\">\n\t\t\t\t<div class=\"elementor-widget-container\">\n\t\t\t\t\t\t\t<div class=\"elementor-divider\">\n\t\t\t<span class=\"elementor-divider-separator\">\n\t\t\t\t\t\t<\/span>\n\t\t<\/div>\n\t\t\t\t\t\t<\/div>\n\t\t\t\t<\/div>\n\t\t\t\t<div class=\"elementor-element elementor-element-41e1fb3 elementor-align-left elementor-widget elementor-widget-global elementor-global-1753 elementor-widget-button\" data-id=\"41e1fb3\" data-element_type=\"widget\" data-e-type=\"widget\" data-widget_type=\"button.default\">\n\t\t\t\t<div class=\"elementor-widget-container\">\n\t\t\t\t\t\t\t\t\t<div class=\"elementor-button-wrapper\">\n\t\t\t\t\t<a class=\"elementor-button elementor-button-link elementor-size-sm\" href=\"https:\/\/personligtdesign.dk\/index.php\/farver-og-skrifttyper\/\">\n\t\t\t\t\t\t<span class=\"elementor-button-content-wrapper\">\n\t\t\t\t\t\t\t\t\t<span class=\"elementor-button-text\">Farver, skrifttyper og figurer<\/span>\n\t\t\t\t\t<\/span>\n\t\t\t\t\t<\/a>\n\t\t\t\t<\/div>\n\t\t\t\t\t\t\t\t<\/div>\n\t\t\t\t<\/div>\n\t\t\t\t\t<\/div>\n\t\t<\/div>\n\t\t\t\t\t<\/div>\n\t\t<\/section>\n\t\t\t\t<section class=\"elementor-section elementor-top-section elementor-element elementor-element-845a707 elementor-section-boxed elementor-section-height-default elementor-section-height-default\" data-id=\"845a707\" data-element_type=\"section\" data-e-type=\"section\">\n\t\t\t\t\t\t<div class=\"elementor-container elementor-column-gap-default\">\n\t\t\t\t\t<div class=\"elementor-column elementor-col-100 elementor-top-column elementor-element elementor-element-84ba2c2\" data-id=\"84ba2c2\" data-element_type=\"column\" data-e-type=\"column\">\n\t\t\t<div class=\"elementor-widget-wrap elementor-element-populated\">\n\t\t\t\t\t\t<div class=\"elementor-element elementor-element-b7af9b5 elementor-widget-divider--view-line elementor-widget elementor-widget-global elementor-global-2160 elementor-widget-divider\" data-id=\"b7af9b5\" data-element_type=\"widget\" data-e-type=\"widget\" data-widget_type=\"divider.default\">\n\t\t\t\t<div class=\"elementor-widget-container\">\n\t\t\t\t\t\t\t<div class=\"elementor-divider\">\n\t\t\t<span class=\"elementor-divider-separator\">\n\t\t\t\t\t\t<\/span>\n\t\t<\/div>\n\t\t\t\t\t\t<\/div>\n\t\t\t\t<\/div>\n\t\t\t\t<div class=\"elementor-element elementor-element-2eeaaa0 elementor-widget__width-initial elementor-widget elementor-widget-global elementor-global-2169 elementor-widget-heading\" data-id=\"2eeaaa0\" data-element_type=\"widget\" data-e-type=\"widget\" data-widget_type=\"heading.default\">\n\t\t\t\t<div class=\"elementor-widget-container\">\n\t\t\t\t\t<h2 class=\"elementor-heading-title elementor-size-default\">Bestil her<\/h2>\t\t\t\t<\/div>\n\t\t\t\t<\/div>\n\t\t\t\t\t<\/div>\n\t\t<\/div>\n\t\t\t\t\t<\/div>\n\t\t<\/section>\n\t\t\t\t<section class=\"elementor-section elementor-top-section elementor-element elementor-element-bdaf319 elementor-section-boxed elementor-section-height-default elementor-section-height-default\" data-id=\"bdaf319\" data-element_type=\"section\" data-e-type=\"section\">\n\t\t\t\t\t\t<div class=\"elementor-container elementor-column-gap-default\">\n\t\t\t\t\t<div class=\"elementor-column elementor-col-100 elementor-top-column elementor-element elementor-element-99b3cd2\" data-id=\"99b3cd2\" data-element_type=\"column\" data-e-type=\"column\">\n\t\t\t<div class=\"elementor-widget-wrap elementor-element-populated\">\n\t\t\t\t\t\t<div class=\"elementor-element elementor-element-b0747d2 elementor-widget elementor-widget-global elementor-global-2172 elementor-widget-text-editor\" data-id=\"b0747d2\" data-element_type=\"widget\" data-e-type=\"widget\" data-widget_type=\"text-editor.default\">\n\t\t\t\t<div class=\"elementor-widget-container\">\n\t\t\t\t\t\t\t\t\t<p>Udfyld formularen eller send en mail til info@personligtdesign.dk.<br \/>S\u00e5 f\u00e5r du et godt tilbud.<\/p><p>Forsendelse til DAO pakkeshop i Danmark koster 44 kr.<\/p>\t\t\t\t\t\t\t\t<\/div>\n\t\t\t\t<\/div>\n\t\t\t\t\t<\/div>\n\t\t<\/div>\n\t\t\t\t\t<\/div>\n\t\t<\/section>\n\t\t\t\t<section class=\"elementor-section elementor-top-section elementor-element elementor-element-fd4c08c elementor-section-boxed elementor-section-height-default elementor-section-height-default\" data-id=\"fd4c08c\" data-element_type=\"section\" data-e-type=\"section\">\n\t\t\t\t\t\t<div class=\"elementor-container elementor-column-gap-default\">\n\t\t\t\t\t<div class=\"elementor-column elementor-col-100 elementor-top-column elementor-element elementor-element-41f0dd2\" data-id=\"41f0dd2\" data-element_type=\"column\" data-e-type=\"column\">\n\t\t\t<div class=\"elementor-widget-wrap elementor-element-populated\">\n\t\t\t\t\t\t<div class=\"elementor-element elementor-element-4c2d3de elementor-button-align-stretch elementor-widget elementor-widget-global elementor-global-1661 elementor-widget-form\" data-id=\"4c2d3de\" data-element_type=\"widget\" data-e-type=\"widget\" data-settings=\"{&quot;step_next_label&quot;:&quot;N\\u00e6ste&quot;,&quot;step_previous_label&quot;:&quot;Tidligere&quot;,&quot;button_width&quot;:&quot;100&quot;,&quot;step_type&quot;:&quot;number_text&quot;,&quot;step_icon_shape&quot;:&quot;circle&quot;}\" data-widget_type=\"form.default\">\n\t\t\t\t<div class=\"elementor-widget-container\">\n\t\t\t\t\t\t\t<form class=\"elementor-form\" method=\"post\" name=\"Bestil\" aria-label=\"Bestil\">\n\t\t\t<input type=\"hidden\" name=\"post_id\" value=\"4966\"\/>\n\t\t\t<input type=\"hidden\" name=\"form_id\" value=\"4c2d3de\"\/>\n\t\t\t<input type=\"hidden\" name=\"referer_title\" value=\"\" \/>\n\n\t\t\t\n\t\t\t<div class=\"elementor-form-fields-wrapper elementor-labels-above\">\n\t\t\t\t\t\t\t\t<div class=\"elementor-field-type-text elementor-field-group elementor-column elementor-field-group-field_4c87c32 elementor-col-100 elementor-field-required\">\n\t\t\t\t\t\t\t\t\t\t\t\t<label for=\"form-field-field_4c87c32\" class=\"elementor-field-label\">\n\t\t\t\t\t\t\t\tNavn\/firma (skal udfyldes):\t\t\t\t\t\t\t<\/label>\n\t\t\t\t\t\t\t\t\t\t\t\t\t\t<input size=\"1\" type=\"text\" name=\"form_fields[field_4c87c32]\" id=\"form-field-field_4c87c32\" class=\"elementor-field elementor-size-sm  elementor-field-textual\" required=\"required\">\n\t\t\t\t\t\t\t\t\t\t\t<\/div>\n\t\t\t\t\t\t\t\t<div class=\"elementor-field-type-text elementor-field-group elementor-column elementor-field-group-field_d415b97 elementor-col-100 elementor-field-required\">\n\t\t\t\t\t\t\t\t\t\t\t\t<label for=\"form-field-field_d415b97\" class=\"elementor-field-label\">\n\t\t\t\t\t\t\t\tE-mail (skal udfyldes): \t\t\t\t\t\t\t<\/label>\n\t\t\t\t\t\t\t\t\t\t\t\t\t\t<input size=\"1\" type=\"text\" name=\"form_fields[field_d415b97]\" id=\"form-field-field_d415b97\" class=\"elementor-field elementor-size-sm  elementor-field-textual\" required=\"required\">\n\t\t\t\t\t\t\t\t\t\t\t<\/div>\n\t\t\t\t\t\t\t\t<div class=\"elementor-field-type-text elementor-field-group elementor-column elementor-field-group-field_6d605fe elementor-col-100\">\n\t\t\t\t\t\t\t\t\t\t\t\t<label for=\"form-field-field_6d605fe\" class=\"elementor-field-label\">\n\t\t\t\t\t\t\t\tAdresse + postnr.:\t\t\t\t\t\t\t<\/label>\n\t\t\t\t\t\t\t\t\t\t\t\t\t\t<input size=\"1\" type=\"text\" name=\"form_fields[field_6d605fe]\" id=\"form-field-field_6d605fe\" class=\"elementor-field elementor-size-sm  elementor-field-textual\">\n\t\t\t\t\t\t\t\t\t\t\t<\/div>\n\t\t\t\t\t\t\t\t<div class=\"elementor-field-type-text elementor-field-group elementor-column elementor-field-group-field_7d10a98 elementor-col-100\">\n\t\t\t\t\t\t\t\t\t\t\t\t<label for=\"form-field-field_7d10a98\" class=\"elementor-field-label\">\n\t\t\t\t\t\t\t\tTelefon:\t\t\t\t\t\t\t<\/label>\n\t\t\t\t\t\t\t\t\t\t\t\t\t\t<input size=\"1\" type=\"text\" name=\"form_fields[field_7d10a98]\" id=\"form-field-field_7d10a98\" class=\"elementor-field elementor-size-sm  elementor-field-textual\">\n\t\t\t\t\t\t\t\t\t\t\t<\/div>\n\t\t\t\t\t\t\t\t<div class=\"elementor-field-type-text elementor-field-group elementor-column elementor-field-group-field_11efc00 elementor-col-100\">\n\t\t\t\t\t\t\t\t\t\t\t\t<label for=\"form-field-field_11efc00\" class=\"elementor-field-label\">\n\t\t\t\t\t\t\t\tProdukt: Klisterm\u00e6rker, strygem\u00e6rker eller andet:\t\t\t\t\t\t\t<\/label>\n\t\t\t\t\t\t\t\t\t\t\t\t\t\t<input size=\"1\" type=\"text\" name=\"form_fields[field_11efc00]\" id=\"form-field-field_11efc00\" class=\"elementor-field elementor-size-sm  elementor-field-textual\">\n\t\t\t\t\t\t\t\t\t\t\t<\/div>\n\t\t\t\t\t\t\t\t<div class=\"elementor-field-type-text elementor-field-group elementor-column elementor-field-group-field_6885f60 elementor-col-100\">\n\t\t\t\t\t\t\t\t\t\t\t\t<label for=\"form-field-field_6885f60\" class=\"elementor-field-label\">\n\t\t\t\t\t\t\t\tSt\u00f8rrelse:\t\t\t\t\t\t\t<\/label>\n\t\t\t\t\t\t\t\t\t\t\t\t\t\t<input size=\"1\" type=\"text\" name=\"form_fields[field_6885f60]\" id=\"form-field-field_6885f60\" class=\"elementor-field elementor-size-sm  elementor-field-textual\">\n\t\t\t\t\t\t\t\t\t\t\t<\/div>\n\t\t\t\t\t\t\t\t<div class=\"elementor-field-type-text elementor-field-group elementor-column elementor-field-group-field_098d8ae elementor-col-100\">\n\t\t\t\t\t\t\t\t\t\t\t\t<label for=\"form-field-field_098d8ae\" class=\"elementor-field-label\">\n\t\t\t\t\t\t\t\tFarve:\t\t\t\t\t\t\t<\/label>\n\t\t\t\t\t\t\t\t\t\t\t\t\t\t<input size=\"1\" type=\"text\" name=\"form_fields[field_098d8ae]\" id=\"form-field-field_098d8ae\" class=\"elementor-field elementor-size-sm  elementor-field-textual\">\n\t\t\t\t\t\t\t\t\t\t\t<\/div>\n\t\t\t\t\t\t\t\t<div class=\"elementor-field-type-text elementor-field-group elementor-column elementor-field-group-field_c9b14f5 elementor-col-100\">\n\t\t\t\t\t\t\t\t\t\t\t\t<label for=\"form-field-field_c9b14f5\" class=\"elementor-field-label\">\n\t\t\t\t\t\t\t\tAntal:\t\t\t\t\t\t\t<\/label>\n\t\t\t\t\t\t\t\t\t\t\t\t\t\t<input size=\"1\" type=\"text\" name=\"form_fields[field_c9b14f5]\" id=\"form-field-field_c9b14f5\" class=\"elementor-field elementor-size-sm  elementor-field-textual\">\n\t\t\t\t\t\t\t\t\t\t\t<\/div>\n\t\t\t\t\t\t\t\t<div class=\"elementor-field-type-text elementor-field-group elementor-column elementor-field-group-field_d68fa82 elementor-col-100\">\n\t\t\t\t\t\t\t\t\t\t\t\t<label for=\"form-field-field_d68fa82\" class=\"elementor-field-label\">\n\t\t\t\t\t\t\t\tKommentarer:\t\t\t\t\t\t\t<\/label>\n\t\t\t\t\t\t\t\t\t\t\t\t\t\t<input size=\"1\" type=\"text\" name=\"form_fields[field_d68fa82]\" id=\"form-field-field_d68fa82\" class=\"elementor-field elementor-size-sm  elementor-field-textual\">\n\t\t\t\t\t\t\t\t\t\t\t<\/div>\n\t\t\t\t\t\t\t\t<div class=\"elementor-field-type-upload elementor-field-group elementor-column elementor-field-group-field_2e50c5a elementor-col-100\">\n\t\t\t\t\t\t\t\t\t\t\t\t<label for=\"form-field-field_2e50c5a\" class=\"elementor-field-label\">\n\t\t\t\t\t\t\t\tVedl\u00e6g fil\t\t\t\t\t\t\t<\/label>\n\t\t\t\t\t\t\t\t<input type=\"file\" name=\"form_fields[field_2e50c5a]\" id=\"form-field-field_2e50c5a\" class=\"elementor-field elementor-size-sm  elementor-upload-field\">\n\n\t\t\t\t\t\t<\/div>\n\t\t\t\t\t\t\t\t<div class=\"elementor-field-group elementor-column elementor-field-type-submit elementor-col-100 e-form__buttons\">\n\t\t\t\t\t<button class=\"elementor-button elementor-size-sm\" type=\"submit\">\n\t\t\t\t\t\t<span class=\"elementor-button-content-wrapper\">\n\t\t\t\t\t\t\t\t\t\t\t\t\t\t\t\t\t\t\t\t\t\t<span class=\"elementor-button-text\">Send<\/span>\n\t\t\t\t\t\t\t\t\t\t\t\t\t<\/span>\n\t\t\t\t\t<\/button>\n\t\t\t\t<\/div>\n\t\t\t<\/div>\n\t\t<\/form>\n\t\t\t\t\t\t<\/div>\n\t\t\t\t<\/div>\n\t\t\t\t\t<\/div>\n\t\t<\/div>\n\t\t\t\t\t<\/div>\n\t\t<\/section>\n\t\t\t\t<\/div>\n\t\t","protected":false},"excerpt":{"rendered":"<p>Lille rygs\u00e6k i bomuld med navn og figurer Bestil her For 79 kr. f\u00e5r du en flot gymnastikpose med tryk a la det p\u00e5 billedet.&hellip;<\/p>\n","protected":false},"author":1,"featured_media":0,"parent":0,"menu_order":0,"comment_status":"closed","ping_status":"closed","template":"","meta":{"footnotes":""},"class_list":["post-4966","page","type-page","status-publish","hentry"],"_links":{"self":[{"href":"https:\/\/personligtdesign.dk\/index.php\/wp-json\/wp\/v2\/pages\/4966","targetHints":{"allow":["GET"]}}],"collection":[{"href":"https:\/\/personligtdesign.dk\/index.php\/wp-json\/wp\/v2\/pages"}],"about":[{"href":"https:\/\/personligtdesign.dk\/index.php\/wp-json\/wp\/v2\/types\/page"}],"author":[{"embeddable":true,"href":"https:\/\/personligtdesign.dk\/index.php\/wp-json\/wp\/v2\/users\/1"}],"replies":[{"embeddable":true,"href":"https:\/\/personligtdesign.dk\/index.php\/wp-json\/wp\/v2\/comments?post=4966"}],"version-history":[{"count":48,"href":"https:\/\/personligtdesign.dk\/index.php\/wp-json\/wp\/v2\/pages\/4966\/revisions"}],"predecessor-version":[{"id":17314,"href":"https:\/\/personligtdesign.dk\/index.php\/wp-json\/wp\/v2\/pages\/4966\/revisions\/17314"}],"wp:attachment":[{"href":"https:\/\/personligtdesign.dk\/index.php\/wp-json\/wp\/v2\/media?parent=4966"}],"curies":[{"name":"wp","href":"https:\/\/api.w.org\/{rel}","templated":true}]}}