{"id":18040,"date":"2023-05-01T07:18:10","date_gmt":"2023-05-01T05:18:10","guid":{"rendered":"https:\/\/personligtdesign.dk\/?page_id=18040"},"modified":"2023-05-01T07:19:02","modified_gmt":"2023-05-01T05:19:02","slug":"hvid-melamin-skaal","status":"publish","type":"page","link":"https:\/\/personligtdesign.dk\/index.php\/hvid-melamin-skaal\/","title":{"rendered":"Hvid melamin sk\u00e5l"},"content":{"rendered":"\t\t<div data-elementor-type=\"wp-page\" data-elementor-id=\"18040\" class=\"elementor elementor-18040\" data-elementor-post-type=\"page\">\n\t\t\t\t<div class=\"elementor-element elementor-element-d741747 e-flex e-con-boxed e-con e-parent\" data-id=\"d741747\" data-element_type=\"container\" data-e-type=\"container\">\n\t\t\t\t\t<div class=\"e-con-inner\">\n\t\t\t\t<div class=\"elementor-element elementor-element-438a7bc elementor-widget elementor-widget-text-editor\" data-id=\"438a7bc\" data-element_type=\"widget\" data-e-type=\"widget\" data-widget_type=\"text-editor.default\">\n\t\t\t\t<div class=\"elementor-widget-container\">\n\t\t\t\t\t\t\t\t\t<p>Lorem ipsum dolor sit amet, consectetur adipiscing elit. Ut elit tellus, luctus nec ullamcorper mattis, pulvinar dapibus leo.<\/p>\t\t\t\t\t\t\t\t<\/div>\n\t\t\t\t<\/div>\n\t\t\t\t<div class=\"elementor-element elementor-element-68c3940 elementor-widget__width-initial elementor-widget elementor-widget-text-editor\" data-id=\"68c3940\" data-element_type=\"widget\" data-e-type=\"widget\" data-widget_type=\"text-editor.default\">\n\t\t\t\t<div class=\"elementor-widget-container\">\n\t\t\t\t\t\t\t\t\t<p>Vi hj\u00e6lper dig, s\u00e5 du kan f\u00f8re dine kreative projekter og id\u00e9er ud i livet.<br>Professionelt udsk\u00e5rne tekster, figurer og tal som enten strygem\u00e6rker eller klisterm\u00e6rker uden baggrund.<\/p>\n<p>Priseksempler: Et 7 cm langt navn koster 8 kr., 10 cm koster 15 kr. og 15 cm koster 24 kr.<\/p>\n<p><span style=\"color: var( --e-global-color-text ); font-family: var( --e-global-typography-text-font-family ), Sans-serif; font-weight: var( --e-global-typography-text-font-weight );\">Du bestiller fx blot navnet Sebastian i hvidt og 20 cm langt:<\/span><\/p>\n<ul>\n<li><span style=\"color: var( --e-global-color-text ); font-family: var( --e-global-typography-text-font-family ), Sans-serif; font-weight: var( --e-global-typography-text-font-weight );\">Skal du bruge det til en t-shirt, f\u00e5r du et <\/span><a style=\"font-family: var( --e-global-typography-text-font-family ), Sans-serif; font-weight: var( --e-global-typography-text-font-weight ); background-color: #ffffff;\" href=\"https:\/\/personligtdesign.dk\/index.php\/strygemaerker-strygestof-tryk-pa-toej-og-t-shirts\/\"><span style=\"color: var( --e-global-color-text ); font-family: var( --e-global-typography-text-font-family ), Sans-serif;\"><b>strygem\u00e6rke<\/b><\/span><\/a><span style=\"color: var( --e-global-color-text ); font-family: var( --e-global-typography-text-font-family ), Sans-serif; font-weight: var( --e-global-typography-text-font-weight );\">, som du nemt kan overf\u00f8re til t-shirten med et <\/span><span style=\"color: var( --e-global-color-text ); font-family: var( --e-global-typography-text-font-family ), Sans-serif; font-weight: var( --e-global-typography-text-font-weight );\">helt almindeligt strygejern ved blot at <\/span><a style=\"font-family: var( --e-global-typography-text-font-family ), Sans-serif; font-weight: var( --e-global-typography-text-font-weight ); background-color: #ffffff;\" href=\"https:\/\/personligtdesign.dk\/index.php\/vejledning-strygestof-tekstilfolie\/\">f\u00f8lge vejledningen her<\/a><span style=\"color: var( --e-global-color-text ); font-family: var( --e-global-typography-text-font-family ), Sans-serif; font-weight: var( --e-global-typography-text-font-weight );\">.<\/span><\/li>\n<li>Skal der i stedet navn p\u00e5 Sebastians v\u00e6relsesd\u00f8r eller cykel, f\u00e5r du et <a href=\"https:\/\/personligtdesign.dk\/index.php\/navne-tekster-og-figurer-klistermaerker-stickers\/\"><span style=\"color: var( --e-global-color-text ); font-family: var( --e-global-typography-text-font-family ), Sans-serif;\"><b>klisterm\u00e6rke<\/b><\/span><\/a><span style=\"color: var( --e-global-color-text ); font-family: var( --e-global-typography-text-font-family ), Sans-serif; font-weight: var( --e-global-typography-text-font-weight );\">, som du hurtigt kan overf\u00f8re, da navnet er samlet med s\u00e5 kaldt overf\u00f8ringstape. <a href=\"https:\/\/personligtdesign.dk\/index.php\/vejledning-montering-af-klistermaerker\/\">Du kan se en nem vejledning her<\/a>.<\/span><\/li>\n<\/ul>\t\t\t\t\t\t\t\t<\/div>\n\t\t\t\t<\/div>\n\t\t\t\t\t<\/div>\n\t\t\t\t<\/div>\n\t\t\t\t<\/div>\n\t\t","protected":false},"excerpt":{"rendered":"<p>Lorem ipsum dolor sit amet, consectetur adipiscing elit. Ut elit tellus, luctus nec ullamcorper mattis, pulvinar dapibus leo. Vi hj\u00e6lper dig, s\u00e5 du kan f\u00f8re&hellip;<\/p>\n","protected":false},"author":1,"featured_media":0,"parent":0,"menu_order":0,"comment_status":"closed","ping_status":"closed","template":"","meta":{"footnotes":""},"class_list":["post-18040","page","type-page","status-publish","hentry"],"_links":{"self":[{"href":"https:\/\/personligtdesign.dk\/index.php\/wp-json\/wp\/v2\/pages\/18040","targetHints":{"allow":["GET"]}}],"collection":[{"href":"https:\/\/personligtdesign.dk\/index.php\/wp-json\/wp\/v2\/pages"}],"about":[{"href":"https:\/\/personligtdesign.dk\/index.php\/wp-json\/wp\/v2\/types\/page"}],"author":[{"embeddable":true,"href":"https:\/\/personligtdesign.dk\/index.php\/wp-json\/wp\/v2\/users\/1"}],"replies":[{"embeddable":true,"href":"https:\/\/personligtdesign.dk\/index.php\/wp-json\/wp\/v2\/comments?post=18040"}],"version-history":[{"count":4,"href":"https:\/\/personligtdesign.dk\/index.php\/wp-json\/wp\/v2\/pages\/18040\/revisions"}],"predecessor-version":[{"id":18044,"href":"https:\/\/personligtdesign.dk\/index.php\/wp-json\/wp\/v2\/pages\/18040\/revisions\/18044"}],"wp:attachment":[{"href":"https:\/\/personligtdesign.dk\/index.php\/wp-json\/wp\/v2\/media?parent=18040"}],"curies":[{"name":"wp","href":"https:\/\/api.w.org\/{rel}","templated":true}]}}