{"id":17889,"date":"2023-04-08T07:45:52","date_gmt":"2023-04-08T05:45:52","guid":{"rendered":"https:\/\/personligtdesign.dk\/?page_id=17889"},"modified":"2023-04-08T07:51:55","modified_gmt":"2023-04-08T05:51:55","slug":"traeskiver-til-bordkort-og-bordpynt","status":"publish","type":"page","link":"https:\/\/personligtdesign.dk\/index.php\/traeskiver-til-bordkort-og-bordpynt\/","title":{"rendered":"Tr\u00e6skiver til bordkort og bordpynt"},"content":{"rendered":"\t\t<div data-elementor-type=\"wp-page\" data-elementor-id=\"17889\" class=\"elementor elementor-17889\" data-elementor-post-type=\"page\">\n\t\t\t\t<div class=\"elementor-element elementor-element-8b2029b e-flex e-con-boxed e-con e-parent\" data-id=\"8b2029b\" data-element_type=\"container\" data-e-type=\"container\">\n\t\t\t\t\t<div class=\"e-con-inner\">\n\t\t\t\t<div class=\"elementor-element elementor-element-56ba6e6 elementor-widget elementor-widget-heading\" data-id=\"56ba6e6\" data-element_type=\"widget\" data-e-type=\"widget\" data-widget_type=\"heading.default\">\n\t\t\t\t<div class=\"elementor-widget-container\">\n\t\t\t\t\t<h2 class=\"elementor-heading-title elementor-size-default\">Flotte tr\u00e6skiver til din fest<\/h2>\t\t\t\t<\/div>\n\t\t\t\t<\/div>\n\t\t\t\t<div class=\"elementor-element elementor-element-6cc3dd0 elementor-align-left elementor-widget elementor-widget-global elementor-global-16809 elementor-widget-button\" data-id=\"6cc3dd0\" data-element_type=\"widget\" data-e-type=\"widget\" data-widget_type=\"button.default\">\n\t\t\t\t<div class=\"elementor-widget-container\">\n\t\t\t\t\t\t\t\t\t<div class=\"elementor-button-wrapper\">\n\t\t\t\t\t<a class=\"elementor-button elementor-button-link elementor-size-sm\" href=\"https:\/\/personligtdesign.dk\/index.php\/bestil-her\/\">\n\t\t\t\t\t\t<span class=\"elementor-button-content-wrapper\">\n\t\t\t\t\t\t\t\t\t<span class=\"elementor-button-text\">Bestil her<\/span>\n\t\t\t\t\t<\/span>\n\t\t\t\t\t<\/a>\n\t\t\t\t<\/div>\n\t\t\t\t\t\t\t\t<\/div>\n\t\t\t\t<\/div>\n\t\t\t\t\t<\/div>\n\t\t\t\t<\/div>\n\t\t<div class=\"elementor-element elementor-element-589418d e-flex e-con-boxed e-con e-parent\" data-id=\"589418d\" data-element_type=\"container\" data-e-type=\"container\">\n\t\t\t\t\t<div class=\"e-con-inner\">\n\t\t\t\t<div class=\"elementor-element elementor-element-7723e43 elementor-widget elementor-widget-text-editor\" data-id=\"7723e43\" data-element_type=\"widget\" data-e-type=\"widget\" data-widget_type=\"text-editor.default\">\n\t\t\t\t<div class=\"elementor-widget-container\">\n\t\t\t\t\t\t\t\t\t<p>N\u00e5r du skal pynte bordet til brylluppet, konfirmationen, den runde f\u00f8dselsdag, barned\u00e5ben eller en anden st\u00f8rre eller mindre fest, s\u00e5 kan vi hj\u00e6lpe med tr\u00e6skiver.<\/p><p>Skiverne er sk\u00e5ret ud i blandet tr\u00e6.<\/p>\t\t\t\t\t\t\t\t<\/div>\n\t\t\t\t<\/div>\n\t\t\t\t<div class=\"elementor-element elementor-element-265be6b elementor-widget elementor-widget-image\" data-id=\"265be6b\" data-element_type=\"widget\" data-e-type=\"widget\" data-widget_type=\"image.default\">\n\t\t\t\t<div class=\"elementor-widget-container\">\n\t\t\t\t\t\t\t\t\t\t\t\t\t\t\t<img fetchpriority=\"high\" decoding=\"async\" width=\"843\" height=\"674\" src=\"https:\/\/personligtdesign.dk\/wp-content\/uploads\/2023\/04\/IMG_3812-2-beskaaret_2000x1600-med-tal-1024x819.jpg\" class=\"attachment-large size-large wp-image-17867\" alt=\"Tr\u00e6skiver til bordkort og bordpynt\" srcset=\"https:\/\/personligtdesign.dk\/wp-content\/uploads\/2023\/04\/IMG_3812-2-beskaaret_2000x1600-med-tal-1024x819.jpg 1024w, https:\/\/personligtdesign.dk\/wp-content\/uploads\/2023\/04\/IMG_3812-2-beskaaret_2000x1600-med-tal-300x240.jpg 300w, https:\/\/personligtdesign.dk\/wp-content\/uploads\/2023\/04\/IMG_3812-2-beskaaret_2000x1600-med-tal-768x614.jpg 768w, https:\/\/personligtdesign.dk\/wp-content\/uploads\/2023\/04\/IMG_3812-2-beskaaret_2000x1600-med-tal-1536x1229.jpg 1536w, https:\/\/personligtdesign.dk\/wp-content\/uploads\/2023\/04\/IMG_3812-2-beskaaret_2000x1600-med-tal.jpg 2000w\" sizes=\"(max-width: 843px) 100vw, 843px\" \/>\t\t\t\t\t\t\t\t\t\t\t\t\t\t\t<\/div>\n\t\t\t\t<\/div>\n\t\t\t\t\t<\/div>\n\t\t\t\t<\/div>\n\t\t<div class=\"elementor-element elementor-element-340986c e-flex e-con-boxed e-con e-parent\" data-id=\"340986c\" data-element_type=\"container\" data-e-type=\"container\">\n\t\t\t\t\t<div class=\"e-con-inner\">\n\t\t\t\t<div class=\"elementor-element elementor-element-3281c1f elementor-widget elementor-widget-gallery\" data-id=\"3281c1f\" data-element_type=\"widget\" data-e-type=\"widget\" data-settings=\"{&quot;lazyload&quot;:&quot;yes&quot;,&quot;gallery_layout&quot;:&quot;grid&quot;,&quot;columns&quot;:4,&quot;columns_tablet&quot;:2,&quot;columns_mobile&quot;:1,&quot;gap&quot;:{&quot;unit&quot;:&quot;px&quot;,&quot;size&quot;:10,&quot;sizes&quot;:[]},&quot;gap_tablet&quot;:{&quot;unit&quot;:&quot;px&quot;,&quot;size&quot;:10,&quot;sizes&quot;:[]},&quot;gap_mobile&quot;:{&quot;unit&quot;:&quot;px&quot;,&quot;size&quot;:10,&quot;sizes&quot;:[]},&quot;link_to&quot;:&quot;file&quot;,&quot;aspect_ratio&quot;:&quot;3:2&quot;,&quot;overlay_background&quot;:&quot;yes&quot;,&quot;content_hover_animation&quot;:&quot;fade-in&quot;}\" data-widget_type=\"gallery.default\">\n\t\t\t\t<div class=\"elementor-widget-container\">\n\t\t\t\t\t\t\t<div class=\"elementor-gallery__container\">\n\t\t\t\t\t\t\t<a class=\"e-gallery-item elementor-gallery-item elementor-animated-content\" href=\"https:\/\/personligtdesign.dk\/wp-content\/uploads\/2023\/04\/IMG_3826-2-rettet_beskaaret-med-tal.jpg\" data-elementor-open-lightbox=\"yes\" data-elementor-lightbox-slideshow=\"3281c1f\" data-elementor-lightbox-title=\"IMG_3826-2-rettet_besk\u00e5ret - med tal\" data-e-action-hash=\"#elementor-action%3Aaction%3Dlightbox%26settings%3DeyJpZCI6MTc4NjksInVybCI6Imh0dHBzOlwvXC9wZXJzb25saWd0ZGVzaWduLmRrXC93cC1jb250ZW50XC91cGxvYWRzXC8yMDIzXC8wNFwvSU1HXzM4MjYtMi1yZXR0ZXRfYmVza2FhcmV0LW1lZC10YWwuanBnIiwic2xpZGVzaG93IjoiMzI4MWMxZiJ9\">\n\t\t\t\t\t<div class=\"e-gallery-image elementor-gallery-item__image\" data-thumbnail=\"https:\/\/personligtdesign.dk\/wp-content\/uploads\/2023\/04\/IMG_3826-2-rettet_beskaaret-med-tal-300x240.jpg\" data-width=\"300\" data-height=\"240\" aria-label=\"Tr\u00e6skiver til bordkort og bordpynt\" role=\"img\" ><\/div>\n\t\t\t\t\t\t\t\t\t\t\t<div class=\"elementor-gallery-item__overlay\"><\/div>\n\t\t\t\t\t\t\t\t\t\t\t\t\t\t<\/a>\n\t\t\t\t\t\t\t<a class=\"e-gallery-item elementor-gallery-item elementor-animated-content\" href=\"https:\/\/personligtdesign.dk\/wp-content\/uploads\/2023\/04\/IMG_3826-2-rettet_beskaaret-uden-tal.jpg\" data-elementor-open-lightbox=\"yes\" data-elementor-lightbox-slideshow=\"3281c1f\" data-elementor-lightbox-title=\"IMG_3826-2-rettet_besk\u00e5ret-uden tal\" data-e-action-hash=\"#elementor-action%3Aaction%3Dlightbox%26settings%3DeyJpZCI6MTc4NjgsInVybCI6Imh0dHBzOlwvXC9wZXJzb25saWd0ZGVzaWduLmRrXC93cC1jb250ZW50XC91cGxvYWRzXC8yMDIzXC8wNFwvSU1HXzM4MjYtMi1yZXR0ZXRfYmVza2FhcmV0LXVkZW4tdGFsLmpwZyIsInNsaWRlc2hvdyI6IjMyODFjMWYifQ%3D%3D\">\n\t\t\t\t\t<div class=\"e-gallery-image elementor-gallery-item__image\" data-thumbnail=\"https:\/\/personligtdesign.dk\/wp-content\/uploads\/2023\/04\/IMG_3826-2-rettet_beskaaret-uden-tal-300x240.jpg\" data-width=\"300\" data-height=\"240\" aria-label=\"Tr\u00e6skiver til bordkort og bordpynt\" role=\"img\" ><\/div>\n\t\t\t\t\t\t\t\t\t\t\t<div class=\"elementor-gallery-item__overlay\"><\/div>\n\t\t\t\t\t\t\t\t\t\t\t\t\t\t<\/a>\n\t\t\t\t\t\t\t<a class=\"e-gallery-item elementor-gallery-item elementor-animated-content\" href=\"https:\/\/personligtdesign.dk\/wp-content\/uploads\/2023\/04\/IMG_3812-2-beskaaret_2000x1600-med-tal.jpg\" data-elementor-open-lightbox=\"yes\" data-elementor-lightbox-slideshow=\"3281c1f\" data-elementor-lightbox-title=\"IMG_3812-2-besk\u00e5ret_2000x1600 - med tal\" data-e-action-hash=\"#elementor-action%3Aaction%3Dlightbox%26settings%3DeyJpZCI6MTc4NjcsInVybCI6Imh0dHBzOlwvXC9wZXJzb25saWd0ZGVzaWduLmRrXC93cC1jb250ZW50XC91cGxvYWRzXC8yMDIzXC8wNFwvSU1HXzM4MTItMi1iZXNrYWFyZXRfMjAwMHgxNjAwLW1lZC10YWwuanBnIiwic2xpZGVzaG93IjoiMzI4MWMxZiJ9\">\n\t\t\t\t\t<div class=\"e-gallery-image elementor-gallery-item__image\" data-thumbnail=\"https:\/\/personligtdesign.dk\/wp-content\/uploads\/2023\/04\/IMG_3812-2-beskaaret_2000x1600-med-tal-300x240.jpg\" data-width=\"300\" data-height=\"240\" aria-label=\"Tr\u00e6skiver til bordkort og bordpynt\" role=\"img\" ><\/div>\n\t\t\t\t\t\t\t\t\t\t\t<div class=\"elementor-gallery-item__overlay\"><\/div>\n\t\t\t\t\t\t\t\t\t\t\t\t\t\t<\/a>\n\t\t\t\t\t\t\t<a class=\"e-gallery-item elementor-gallery-item elementor-animated-content\" href=\"https:\/\/personligtdesign.dk\/wp-content\/uploads\/2023\/04\/IMG_3812-2-beskaaret_2000x1600-uden-tal.jpg\" data-elementor-open-lightbox=\"yes\" data-elementor-lightbox-slideshow=\"3281c1f\" data-elementor-lightbox-title=\"IMG_3812-2-besk\u00e5ret_2000x1600 - uden tal\" data-e-action-hash=\"#elementor-action%3Aaction%3Dlightbox%26settings%3DeyJpZCI6MTc4NzAsInVybCI6Imh0dHBzOlwvXC9wZXJzb25saWd0ZGVzaWduLmRrXC93cC1jb250ZW50XC91cGxvYWRzXC8yMDIzXC8wNFwvSU1HXzM4MTItMi1iZXNrYWFyZXRfMjAwMHgxNjAwLXVkZW4tdGFsLmpwZyIsInNsaWRlc2hvdyI6IjMyODFjMWYifQ%3D%3D\">\n\t\t\t\t\t<div class=\"e-gallery-image elementor-gallery-item__image\" data-thumbnail=\"https:\/\/personligtdesign.dk\/wp-content\/uploads\/2023\/04\/IMG_3812-2-beskaaret_2000x1600-uden-tal-300x240.jpg\" data-width=\"300\" data-height=\"240\" aria-label=\"Tr\u00e6skiver til bordkort og bordpynt\" role=\"img\" ><\/div>\n\t\t\t\t\t\t\t\t\t\t\t<div class=\"elementor-gallery-item__overlay\"><\/div>\n\t\t\t\t\t\t\t\t\t\t\t\t\t\t<\/a>\n\t\t\t\t\t<\/div>\n\t\t\t\t\t<\/div>\n\t\t\t\t<\/div>\n\t\t\t\t\t<\/div>\n\t\t\t\t<\/div>\n\t\t<div class=\"elementor-element elementor-element-eb66dd9 e-flex e-con-boxed e-con e-parent\" data-id=\"eb66dd9\" data-element_type=\"container\" data-e-type=\"container\">\n\t\t\t\t\t<div class=\"e-con-inner\">\n\t\t\t\t<div class=\"elementor-element elementor-element-e99e4c8 elementor-widget elementor-widget-heading\" data-id=\"e99e4c8\" data-element_type=\"widget\" data-e-type=\"widget\" data-widget_type=\"heading.default\">\n\t\t\t\t<div class=\"elementor-widget-container\">\n\t\t\t\t\t<h3 class=\"elementor-heading-title elementor-size-default\">Priser<\/h3>\t\t\t\t<\/div>\n\t\t\t\t<\/div>\n\t\t\t\t\t<\/div>\n\t\t\t\t<\/div>\n\t\t<div class=\"elementor-element elementor-element-4aeea99 e-flex e-con-boxed e-con e-parent\" data-id=\"4aeea99\" data-element_type=\"container\" data-e-type=\"container\">\n\t\t\t\t\t<div class=\"e-con-inner\">\n\t\t\t\t<div class=\"elementor-element elementor-element-878ab02 elementor-widget elementor-widget-global elementor-global-17897 elementor-widget-text-editor\" data-id=\"878ab02\" data-element_type=\"widget\" data-e-type=\"widget\" data-widget_type=\"text-editor.default\">\n\t\t\t\t<div class=\"elementor-widget-container\">\n\t\t\t\t\t\t\t\t\t<p><span style=\"color: var( --e-global-color-text ); font-family: var( --e-global-typography-text-font-family ), Sans-serif; font-weight: var( --e-global-typography-text-font-weight ); text-align: var(--text-align);\">Skiverne er mellem 1 og 1,8 cm h\u00f8je.<\/span><\/p><ul><li>Op til 2,5 cm <span style=\"font-weight: bolder;\">2 kr.<\/span>\u00a0pr. stk.<\/li><li>Op til 4 cm <strong>3 kr.<\/strong> pr. stk.<\/li><li>Op til 5 cm <span style=\"font-weight: bolder;\">4 kr.<\/span>\u00a0pr. stk.<\/li><li>Op til 6 cm <strong>5 kr.<\/strong> pr. stk.<\/li><li>Op til 7 cm <span style=\"font-weight: bolder;\">6 kr.<\/span>\u00a0pr. stk.<\/li><li>Op til 8 cm <strong>7<\/strong><span style=\"font-weight: bolder;\"><strong>\u00a0<\/strong>kr.<\/span> pr. stk,<\/li><li>Op til 9 cm <span style=\"font-weight: bolder;\">8 kr.<\/span>\u00a0pr. stk.<\/li><\/ul><p>(M\u00e5lt p\u00e5 smalleste led).<\/p>\t\t\t\t\t\t\t\t<\/div>\n\t\t\t\t<\/div>\n\t\t\t\t\t<\/div>\n\t\t\t\t<\/div>\n\t\t\t\t<\/div>\n\t\t","protected":false},"excerpt":{"rendered":"<p>Flotte tr\u00e6skiver til din fest Bestil her N\u00e5r du skal pynte bordet til brylluppet, konfirmationen, den runde f\u00f8dselsdag, barned\u00e5ben eller en anden st\u00f8rre eller mindre&hellip;<\/p>\n","protected":false},"author":1,"featured_media":0,"parent":0,"menu_order":0,"comment_status":"closed","ping_status":"closed","template":"","meta":{"footnotes":""},"class_list":["post-17889","page","type-page","status-publish","hentry"],"_links":{"self":[{"href":"https:\/\/personligtdesign.dk\/index.php\/wp-json\/wp\/v2\/pages\/17889","targetHints":{"allow":["GET"]}}],"collection":[{"href":"https:\/\/personligtdesign.dk\/index.php\/wp-json\/wp\/v2\/pages"}],"about":[{"href":"https:\/\/personligtdesign.dk\/index.php\/wp-json\/wp\/v2\/types\/page"}],"author":[{"embeddable":true,"href":"https:\/\/personligtdesign.dk\/index.php\/wp-json\/wp\/v2\/users\/1"}],"replies":[{"embeddable":true,"href":"https:\/\/personligtdesign.dk\/index.php\/wp-json\/wp\/v2\/comments?post=17889"}],"version-history":[{"count":13,"href":"https:\/\/personligtdesign.dk\/index.php\/wp-json\/wp\/v2\/pages\/17889\/revisions"}],"predecessor-version":[{"id":17905,"href":"https:\/\/personligtdesign.dk\/index.php\/wp-json\/wp\/v2\/pages\/17889\/revisions\/17905"}],"wp:attachment":[{"href":"https:\/\/personligtdesign.dk\/index.php\/wp-json\/wp\/v2\/media?parent=17889"}],"curies":[{"name":"wp","href":"https:\/\/api.w.org\/{rel}","templated":true}]}}