{"id":16254,"date":"2023-01-04T09:31:11","date_gmt":"2023-01-04T08:31:11","guid":{"rendered":"https:\/\/personligtdesign.dk\/?page_id=16254"},"modified":"2024-02-13T08:00:58","modified_gmt":"2024-02-13T07:00:58","slug":"vores-kunder-privat-erhverv-firma","status":"publish","type":"page","link":"https:\/\/personligtdesign.dk\/index.php\/vores-kunder-privat-erhverv-firma\/","title":{"rendered":"Vores kunder"},"content":{"rendered":"\t\t<div data-elementor-type=\"wp-page\" data-elementor-id=\"16254\" class=\"elementor elementor-16254\" data-elementor-post-type=\"page\">\n\t\t\t\t\t\t<section class=\"elementor-section elementor-top-section elementor-element elementor-element-ba233b2 elementor-section-boxed elementor-section-height-default elementor-section-height-default\" data-id=\"ba233b2\" data-element_type=\"section\" data-e-type=\"section\">\n\t\t\t\t\t\t<div class=\"elementor-container elementor-column-gap-default\">\n\t\t\t\t\t<div class=\"elementor-column elementor-col-100 elementor-top-column elementor-element elementor-element-293eec0\" data-id=\"293eec0\" data-element_type=\"column\" data-e-type=\"column\">\n\t\t\t<div class=\"elementor-widget-wrap elementor-element-populated\">\n\t\t\t\t\t\t<div class=\"elementor-element elementor-element-a2b80ec elementor-widget elementor-widget-heading\" data-id=\"a2b80ec\" data-element_type=\"widget\" data-e-type=\"widget\" data-widget_type=\"heading.default\">\n\t\t\t\t<div class=\"elementor-widget-container\">\n\t\t\t\t\t<h2 class=\"elementor-heading-title elementor-size-default\">Hvem er vores kunder?<\/h2>\t\t\t\t<\/div>\n\t\t\t\t<\/div>\n\t\t\t\t\t<\/div>\n\t\t<\/div>\n\t\t\t\t\t<\/div>\n\t\t<\/section>\n\t\t\t\t<section class=\"elementor-section elementor-top-section elementor-element elementor-element-48a962d elementor-section-boxed elementor-section-height-default elementor-section-height-default\" data-id=\"48a962d\" data-element_type=\"section\" data-e-type=\"section\">\n\t\t\t\t\t\t<div class=\"elementor-container elementor-column-gap-default\">\n\t\t\t\t\t<div class=\"elementor-column elementor-col-100 elementor-top-column elementor-element elementor-element-6d3b4c0\" data-id=\"6d3b4c0\" data-element_type=\"column\" data-e-type=\"column\">\n\t\t\t<div class=\"elementor-widget-wrap elementor-element-populated\">\n\t\t\t\t\t\t<div class=\"elementor-element elementor-element-6809e1a elementor-widget elementor-widget-text-editor\" data-id=\"6809e1a\" data-element_type=\"widget\" data-e-type=\"widget\" data-widget_type=\"text-editor.default\">\n\t\t\t\t<div class=\"elementor-widget-container\">\n\t\t\t\t\t\t\t\t\t<p>Det er vidt forskellige personer, der k\u00f8ber professionelle klisterm\u00e6rker\/stickers og strygem\u00e6rker hos PersonligtDesign, og det er b\u00e5de privatpersoner og firmaer.<\/p><p><span dir=\"ltr\" style=\"left: 125.815px; top: 190.19px; font-size: 16.9163px; font-family: sans-serif; transform: scaleX(1.11808);\" role=\"presentation\">Nogle skal have\u00a0<\/span><span dir=\"ltr\" style=\"left: 125.815px; top: 214.292px; font-size: 16.9163px; font-family: sans-serif; transform: scaleX(1.11001);\" role=\"presentation\">navne til vandglassene til familien og andre til alle kollegerne p\u00e5 kontoret<\/span><span dir=\"ltr\" style=\"left: 125.815px; top: 238.394px; font-size: 16.9163px; font-family: sans-serif; transform: scaleX(1.10628);\" role=\"presentation\">, s\u00e5 de sparer opvask. Et eller flere glas til hver\u00a0<\/span><span dir=\"ltr\" style=\"left: 125.815px; top: 262.497px; font-size: 16.9163px; font-family: sans-serif; transform: scaleX(1.10723);\" role=\"presentation\">person.\u00a0<\/span><\/p>\t\t\t\t\t\t\t\t<\/div>\n\t\t\t\t<\/div>\n\t\t\t\t\t<\/div>\n\t\t<\/div>\n\t\t\t\t\t<\/div>\n\t\t<\/section>\n\t\t\t\t<section class=\"elementor-section elementor-top-section elementor-element elementor-element-11c1c7a elementor-section-boxed elementor-section-height-default elementor-section-height-default\" data-id=\"11c1c7a\" data-element_type=\"section\" data-e-type=\"section\">\n\t\t\t\t\t\t<div class=\"elementor-container elementor-column-gap-default\">\n\t\t\t\t\t<div class=\"elementor-column elementor-col-100 elementor-top-column elementor-element elementor-element-af2f9c2\" data-id=\"af2f9c2\" data-element_type=\"column\" data-e-type=\"column\">\n\t\t\t<div class=\"elementor-widget-wrap elementor-element-populated\">\n\t\t\t\t\t\t<div class=\"elementor-element elementor-element-c2b6a31 elementor-widget elementor-widget-heading\" data-id=\"c2b6a31\" data-element_type=\"widget\" data-e-type=\"widget\" data-widget_type=\"heading.default\">\n\t\t\t\t<div class=\"elementor-widget-container\">\n\t\t\t\t\t<h3 class=\"elementor-heading-title elementor-size-default\">Firmakunder<\/h3>\t\t\t\t<\/div>\n\t\t\t\t<\/div>\n\t\t\t\t\t<\/div>\n\t\t<\/div>\n\t\t\t\t\t<\/div>\n\t\t<\/section>\n\t\t\t\t<section class=\"elementor-section elementor-top-section elementor-element elementor-element-2b024cc elementor-section-boxed elementor-section-height-default elementor-section-height-default\" data-id=\"2b024cc\" data-element_type=\"section\" data-e-type=\"section\">\n\t\t\t\t\t\t<div class=\"elementor-container elementor-column-gap-default\">\n\t\t\t\t\t<div class=\"elementor-column elementor-col-100 elementor-top-column elementor-element elementor-element-bc1fc83\" data-id=\"bc1fc83\" data-element_type=\"column\" data-e-type=\"column\">\n\t\t\t<div class=\"elementor-widget-wrap elementor-element-populated\">\n\t\t\t\t\t\t<div class=\"elementor-element elementor-element-7993960 elementor-widget elementor-widget-text-editor\" data-id=\"7993960\" data-element_type=\"widget\" data-e-type=\"widget\" data-widget_type=\"text-editor.default\">\n\t\t\t\t<div class=\"elementor-widget-container\">\n\t\t\t\t\t\t\t\t\t<p><font face=\"sans-serif\"><span style=\"font-size: 16.9163px;\">Virksomhederne er b\u00e5de sm\u00e5 og store og befinder sig i hele Danmark.<\/span><\/font><\/p>\n<p><span style=\"color: var( --e-global-color-text ); font-family: var( --e-global-typography-text-font-family ), Sans-serif; font-weight: var( --e-global-typography-text-font-weight );\">Vi leverer blandt andet<\/span><\/p><ul>\n<li>strygem\u00e6rker med tekster til forestillinger p\u00e5 teatre<\/li>\n<li>skilte til produktionsvirksomheder<\/li>\n<li>tekster til t-shirts til en kampagne<\/li>\n<li>CVR nr. og firmanavn til gulplade-varevognen<\/li>\n<li>udsmykning til butiksvinduern<\/li>\n<\/ul>\t\t\t\t\t\t\t\t<\/div>\n\t\t\t\t<\/div>\n\t\t\t\t\t<\/div>\n\t\t<\/div>\n\t\t\t\t\t<\/div>\n\t\t<\/section>\n\t\t\t\t<section class=\"elementor-section elementor-top-section elementor-element elementor-element-f706fb6 elementor-section-boxed elementor-section-height-default elementor-section-height-default\" data-id=\"f706fb6\" data-element_type=\"section\" data-e-type=\"section\">\n\t\t\t\t\t\t<div class=\"elementor-container elementor-column-gap-default\">\n\t\t\t\t\t<div class=\"elementor-column elementor-col-100 elementor-top-column elementor-element elementor-element-9bfe8de\" data-id=\"9bfe8de\" data-element_type=\"column\" data-e-type=\"column\">\n\t\t\t<div class=\"elementor-widget-wrap elementor-element-populated\">\n\t\t\t\t\t\t<div class=\"elementor-element elementor-element-b80ac95 elementor-widget elementor-widget-heading\" data-id=\"b80ac95\" data-element_type=\"widget\" data-e-type=\"widget\" data-widget_type=\"heading.default\">\n\t\t\t\t<div class=\"elementor-widget-container\">\n\t\t\t\t\t<h3 class=\"elementor-heading-title elementor-size-default\">Privatkunder<\/h3>\t\t\t\t<\/div>\n\t\t\t\t<\/div>\n\t\t\t\t\t<\/div>\n\t\t<\/div>\n\t\t\t\t\t<\/div>\n\t\t<\/section>\n\t\t\t\t<section class=\"elementor-section elementor-top-section elementor-element elementor-element-479432a elementor-section-boxed elementor-section-height-default elementor-section-height-default\" data-id=\"479432a\" data-element_type=\"section\" data-e-type=\"section\">\n\t\t\t\t\t\t<div class=\"elementor-container elementor-column-gap-default\">\n\t\t\t\t\t<div class=\"elementor-column elementor-col-100 elementor-top-column elementor-element elementor-element-c375565\" data-id=\"c375565\" data-element_type=\"column\" data-e-type=\"column\">\n\t\t\t<div class=\"elementor-widget-wrap elementor-element-populated\">\n\t\t\t\t\t\t<div class=\"elementor-element elementor-element-19395b9 elementor-widget elementor-widget-text-editor\" data-id=\"19395b9\" data-element_type=\"widget\" data-e-type=\"widget\" data-widget_type=\"text-editor.default\">\n\t\t\t\t<div class=\"elementor-widget-container\">\n\t\t\t\t\t\t\t\t\t<p>B\u00e5de m\u00e6nd og kvinder, unge og gamle f\u00e5r speciallavede strygem\u00e6rker og klisterm\u00e6rker til alle mulige kreative opgaver<\/p>\n<ul>\n<li><a href=\"https:\/\/personligtdesign.dk\/index.php\/fester-bordkort-pynt-konfirmation-bryllup-navn\/\">Bordkort<\/a> og lys med navn til konfirmationen<\/li>\n<li>Skilte med sm\u00e5 n\u00e5le, som kan bruges til f\u00f8devarer til <a href=\"https:\/\/personligtdesign.dk\/index.php\/buffetskilte-skilte-til-buffet-slikbuffet\/\">buffetten<\/a><\/li>\n<\/ul>\t\t\t\t\t\t\t\t<\/div>\n\t\t\t\t<\/div>\n\t\t\t\t\t<\/div>\n\t\t<\/div>\n\t\t\t\t\t<\/div>\n\t\t<\/section>\n\t\t\t\t<\/div>\n\t\t","protected":false},"excerpt":{"rendered":"<p>Hvem er vores kunder? Det er vidt forskellige personer, der k\u00f8ber professionelle klisterm\u00e6rker\/stickers og strygem\u00e6rker hos PersonligtDesign, og det er b\u00e5de privatpersoner og firmaer. Nogle&hellip;<\/p>\n","protected":false},"author":1,"featured_media":0,"parent":0,"menu_order":0,"comment_status":"closed","ping_status":"closed","template":"","meta":{"footnotes":""},"class_list":["post-16254","page","type-page","status-publish","hentry"],"_links":{"self":[{"href":"https:\/\/personligtdesign.dk\/index.php\/wp-json\/wp\/v2\/pages\/16254","targetHints":{"allow":["GET"]}}],"collection":[{"href":"https:\/\/personligtdesign.dk\/index.php\/wp-json\/wp\/v2\/pages"}],"about":[{"href":"https:\/\/personligtdesign.dk\/index.php\/wp-json\/wp\/v2\/types\/page"}],"author":[{"embeddable":true,"href":"https:\/\/personligtdesign.dk\/index.php\/wp-json\/wp\/v2\/users\/1"}],"replies":[{"embeddable":true,"href":"https:\/\/personligtdesign.dk\/index.php\/wp-json\/wp\/v2\/comments?post=16254"}],"version-history":[{"count":58,"href":"https:\/\/personligtdesign.dk\/index.php\/wp-json\/wp\/v2\/pages\/16254\/revisions"}],"predecessor-version":[{"id":18266,"href":"https:\/\/personligtdesign.dk\/index.php\/wp-json\/wp\/v2\/pages\/16254\/revisions\/18266"}],"wp:attachment":[{"href":"https:\/\/personligtdesign.dk\/index.php\/wp-json\/wp\/v2\/media?parent=16254"}],"curies":[{"name":"wp","href":"https:\/\/api.w.org\/{rel}","templated":true}]}}