{"id":1568,"date":"2020-01-25T06:00:44","date_gmt":"2020-01-25T05:00:44","guid":{"rendered":"https:\/\/personligtdesign.dk\/?page_id=1568"},"modified":"2020-07-07T07:41:53","modified_gmt":"2020-07-07T05:41:53","slug":"sitemap-alle-sider","status":"publish","type":"page","link":"https:\/\/personligtdesign.dk\/index.php\/sitemap-alle-sider\/","title":{"rendered":"Alle sider &#8211; sitemap"},"content":{"rendered":"\t\t<div data-elementor-type=\"wp-page\" data-elementor-id=\"1568\" class=\"elementor elementor-1568\" data-elementor-post-type=\"page\">\n\t\t\t\t\t\t<section class=\"elementor-section elementor-top-section elementor-element elementor-element-14c2784 elementor-section-boxed elementor-section-height-default elementor-section-height-default\" data-id=\"14c2784\" data-element_type=\"section\" data-e-type=\"section\">\n\t\t\t\t\t\t<div class=\"elementor-container elementor-column-gap-default\">\n\t\t\t\t\t<div class=\"elementor-column elementor-col-100 elementor-top-column elementor-element elementor-element-953ccbf\" data-id=\"953ccbf\" data-element_type=\"column\" data-e-type=\"column\">\n\t\t\t<div class=\"elementor-widget-wrap elementor-element-populated\">\n\t\t\t\t\t\t<div class=\"elementor-element elementor-element-6277fc5 elementor-widget elementor-widget-html\" data-id=\"6277fc5\" data-element_type=\"widget\" data-e-type=\"widget\" data-widget_type=\"html.default\">\n\t\t\t\t<div class=\"elementor-widget-container\">\n\t\t\t\t\t<div class=\"wsp-container\"><h2 class=\"wsp-pages-title\">Pages<\/h2>\n<ul class=\"wsp-pages-list\">\n<li class=\"page_item page-item-4206\"><a href=\"https:\/\/personligtdesign.dk\/index.php\/ejendomsmaeglerskilte-maeglerskilte-tekster\/\">Adresser til m\u00e6glerskilte<\/a><\/li>\n<li class=\"page_item page-item-859\"><a href=\"https:\/\/personligtdesign.dk\/index.php\/affaldssortering-indendors-i-hjemmet\/\">Affaldssortering &#8211; inde<\/a><\/li>\n<li class=\"page_item page-item-3928\"><a href=\"https:\/\/personligtdesign.dk\/index.php\/oversigt\/\">Alle sider<\/a><\/li>\n<li class=\"page_item page-item-1568\"><a href=\"https:\/\/personligtdesign.dk\/index.php\/sitemap-alle-sider\/\">Alle sider &#8211; sitemap<\/a><\/li>\n<li class=\"page_item page-item-13156\"><a href=\"https:\/\/personligtdesign.dk\/index.php\/arbejdstoej-med-tryk\/\">Arbejdst\u00f8j med tryk<\/a><\/li>\n<li class=\"page_item page-item-6577\"><a href=\"https:\/\/personligtdesign.dk\/index.php\/baby-bodystocking-babytoej-med-tekst-tryk-strygemaerker\/\">Baby bodystocking med tekst<\/a><\/li>\n<li class=\"page_item page-item-4244\"><a href=\"https:\/\/personligtdesign.dk\/index.php\/baadnavn-navn-paa-havnen-klistermaerker-stickers\/\">B\u00e5dnavn, navn p\u00e5 havnen osv.<\/a><\/li>\n<li class=\"page_item page-item-2176\"><a href=\"https:\/\/personligtdesign.dk\/index.php\/bestil-her\/\">Bestil her<\/a><\/li>\n<li class=\"page_item page-item-834\"><a href=\"https:\/\/personligtdesign.dk\/index.php\/fester-bordkort-pynt-konfirmation-bryllup-navn\/\">Bordkort, lys, glas, servietter med navn<\/a><\/li>\n<li class=\"page_item page-item-6680\"><a href=\"https:\/\/personligtdesign.dk\/index.php\/buffetskilte-skilte-til-buffet-slikbuffet\/\">Buffetskilte &#8211; ogs\u00e5 til slikbuffet<\/a><\/li>\n<li class=\"page_item page-item-2390\"><a href=\"https:\/\/personligtdesign.dk\/index.php\/cookie-politik\/\">Cookie-politik<\/a><\/li>\n<li class=\"page_item page-item-912\"><a href=\"https:\/\/personligtdesign.dk\/index.php\/cvr-nr-til-firmabilen\/\">CVR nr. til firmabilen<\/a><\/li>\n<li class=\"page_item page-item-16744\"><a href=\"https:\/\/personligtdesign.dk\/index.php\/design-af-logoer-osv\/\">Design af logoer osv.<\/a><\/li>\n<li class=\"page_item page-item-17508\"><a href=\"https:\/\/personligtdesign.dk\/index.php\/det-er-nemt-at-vaere-kreativ\/\">Det er nemt at v\u00e6re kreativ<\/a><\/li>\n<li class=\"page_item page-item-4431\"><a href=\"https:\/\/personligtdesign.dk\/index.php\/drinksbeholdere-tekster-festen-drinkbuffet\/\">Drinksbeholder-tekster<\/a><\/li>\n<li class=\"page_item page-item-892\"><a href=\"https:\/\/personligtdesign.dk\/index.php\/erhverv\/\">Erhverv<\/a><\/li>\n<li class=\"page_item page-item-473\"><a href=\"https:\/\/personligtdesign.dk\/index.php\/farver-og-skrifttyper\/\">Farver, skrifttyper og figurer<\/a><\/li>\n<li class=\"page_item page-item-1780\"><a href=\"https:\/\/personligtdesign.dk\/index.php\/fester-pynt-tilbehoer-bordkort-stofservietter-gaveaesker\/\">Fester<\/a><\/li>\n<li class=\"page_item page-item-14232\"><a href=\"https:\/\/personligtdesign.dk\/index.php\/flotte-roser-eller-andre-figurer-klistermaerker\/\">Flotte roser eller andre figurer<\/a><\/li>\n<li class=\"page_item page-item-6128\"><a href=\"https:\/\/personligtdesign.dk\/index.php\/foedselsdagslys-med-tal-alder-navn\/\">F\u00f8dselsdagslys med tal<\/a><\/li>\n<li class=\"page_item page-item-2\"><a href=\"https:\/\/personligtdesign.dk\/\">Forside<\/a><\/li>\n<li class=\"page_item page-item-693\"><a href=\"https:\/\/personligtdesign.dk\/index.php\/hus-have\/\">Fritid<\/a><\/li>\n<li class=\"page_item page-item-3243\"><a href=\"https:\/\/personligtdesign.dk\/index.php\/glas-vinglas-med-navn-fest\/\">Glas med navn og tryk &#8211; vinglas og drikkeglas<\/a><\/li>\n<li class=\"page_item page-item-977\"><a href=\"https:\/\/personligtdesign.dk\/index.php\/madskaal-hundeskaal-navn\/\">Hundesk\u00e5l\/kattesk\u00e5l med navn<\/a><\/li>\n<li class=\"page_item page-item-12013\"><a href=\"https:\/\/personligtdesign.dk\/index.php\/hverdagsglas-med-navn-eller-figur\/\">Hverdagsglas med navn eller figur<\/a><\/li>\n<li class=\"page_item page-item-18040\"><a href=\"https:\/\/personligtdesign.dk\/index.php\/hvid-melamin-skaal\/\">Hvid melamin sk\u00e5l<\/a><\/li>\n<li class=\"page_item page-item-4873\"><a href=\"https:\/\/personligtdesign.dk\/index.php\/julegaver-personlige-store-smaa\/\">Julegaver<\/a><\/li>\n<li class=\"page_item page-item-80\"><a href=\"https:\/\/personligtdesign.dk\/index.php\/kasse\/\">Kasse<\/a><\/li>\n<li class=\"page_item page-item-14934\"><a href=\"https:\/\/personligtdesign.dk\/index.php\/klistermaerke-ark\/\">Klisterm\u00e6rke-ark<\/a><\/li>\n<li class=\"page_item page-item-7699\"><a href=\"https:\/\/personligtdesign.dk\/index.php\/klistermaerker-med-kaeledyr-dyr-ark-kat-hund-kanin\/\">Klisterm\u00e6rke-ark med dyr\/k\u00e6ledyr<\/a><\/li>\n<li class=\"page_item page-item-7550\"><a href=\"https:\/\/personligtdesign.dk\/index.php\/klistermaerke-ark-med-figurer\/\">Klisterm\u00e6rke-ark med figurer<\/a><\/li>\n<li class=\"page_item page-item-7499\"><a href=\"https:\/\/personligtdesign.dk\/index.php\/klistermaerker-til-baby-og-boern\/\">Klisterm\u00e6rke-ark til baby og b\u00f8rn<\/a><\/li>\n<li class=\"page_item page-item-7644\"><a href=\"https:\/\/personligtdesign.dk\/index.php\/klistermaerke-ark-bryllup-og-kaerlighed\/\">Klisterm\u00e6rke-ark til bryllup og k\u00e6rlighed<\/a><\/li>\n<li class=\"page_item page-item-13859\"><a href=\"https:\/\/personligtdesign.dk\/index.php\/navne-tekster-og-figurer-klistermaerker-stickers\/\">Klisterm\u00e6rker\/stickers &#8211; navne, tekster, figurer<\/a><\/li>\n<li class=\"page_item page-item-1215\"><a href=\"https:\/\/personligtdesign.dk\/index.php\/klistermaerker_til_ladcyklen_stickers_cyklen_navn\/\">Klisterm\u00e6rker\/stickers til cyklen og ladcyklen<\/a><\/li>\n<li class=\"page_item page-item-484\"><a href=\"https:\/\/personligtdesign.dk\/index.php\/kontakt-og-aabningstider\/\">Kontakt<\/a><\/li>\n<li class=\"page_item page-item-1048\"><a href=\"https:\/\/personligtdesign.dk\/index.php\/kvalitet-klistermaerker-skiltefolie\/\">Kvalitet &#8211; skiltefolie<\/a><\/li>\n<li class=\"page_item page-item-5471\"><a href=\"https:\/\/personligtdesign.dk\/index.php\/lys-med-tekst-navn-og-figurer-led-lys-led-bloklys\/\">Lys med tekst, navn og figurer<\/a><\/li>\n<li class=\"page_item page-item-1217\"><a href=\"https:\/\/personligtdesign.dk\/index.php\/navn-paa-cykelhjelmen\/\">Navn p\u00e5 cykelhjelmen<\/a><\/li>\n<li class=\"page_item page-item-480\"><a href=\"https:\/\/personligtdesign.dk\/index.php\/om-os\/\">Om os<\/a><\/li>\n<li class=\"page_item page-item-1056\"><a href=\"https:\/\/personligtdesign.dk\/index.php\/om-produkterne-hjemmelavede-unikke-personlige-dine-oensker\/\">Om produkterne<\/a><\/li>\n<li class=\"page_item page-item-1076\"><a href=\"https:\/\/personligtdesign.dk\/index.php\/opbevaring-tekster\/\">Opbevaring<\/a><\/li>\n<li class=\"page_item page-item-8048\"><a href=\"https:\/\/personligtdesign.dk\/index.php\/papir-udskaaret-i-papirklip-i-flotte-moenstre-og-figurer\/\">Papir udsk\u00e5ret\/papirklip i flotte m\u00f8nstre og figurer<\/a><\/li>\n<li class=\"page_item page-item-12196\"><a href=\"https:\/\/personligtdesign.dk\/index.php\/navne-og-tekster-til-papirservietter-strygemaerker\/\">Papirservietter med navn &#8211; strygem\u00e6rker<\/a><\/li>\n<li class=\"page_item page-item-1283\"><a href=\"https:\/\/personligtdesign.dk\/index.php\/personlig-kuffert\/\">Personlig kuffert<\/a><\/li>\n<li class=\"page_item page-item-12135\"><a href=\"https:\/\/personligtdesign.dk\/index.php\/personlig-pude-dyne-og-sengetoej\/\">Personlig pude, dyne og senget\u00f8j<\/a><\/li>\n<li class=\"page_item page-item-644\"><a href=\"https:\/\/personligtdesign.dk\/index.php\/planteskilte-plantepinde-med-navne-tekst-planter-groentsager-blomster\/\">Planteskilte\/plantepinde med navne<\/a><\/li>\n<li class=\"page_item page-item-261\"><a href=\"https:\/\/personligtdesign.dk\/index.php\/postkasse-stiickers-navn-husnr-pynt\/\">Postkasse stickers &#8211; navn, nr., pynt<\/a><\/li>\n<li class=\"page_item page-item-2045\"><a href=\"https:\/\/personligtdesign.dk\/index.php\/prisliste\/\">Prisliste<\/a><\/li>\n<li class=\"page_item page-item-2362\"><a href=\"https:\/\/personligtdesign.dk\/index.php\/privatlivspolitik-2\/\">Privatlivspolitik<\/a><\/li>\n<li class=\"page_item page-item-10617\"><a href=\"https:\/\/personligtdesign.dk\/index.php\/tilbud-produkter-uden-tryk\/\">Produkter uden tryk<\/a><\/li>\n<li class=\"page_item page-item-17726\"><a href=\"https:\/\/personligtdesign.dk\/index.php\/pynt-vaser-skaale-potter-og-urtepotteskjulere\/\">Pynt vaser, sk\u00e5le, potter og urtepotteskjulere<\/a><\/li>\n<li class=\"page_item page-item-5061\"><a href=\"https:\/\/personligtdesign.dk\/index.php\/refleksbrikker-reflekser-reflekskilstermaerker-skilte\/\">Refleksbrikker og reflekser<\/a><\/li>\n<li class=\"page_item page-item-9379\"><a href=\"https:\/\/personligtdesign.dk\/index.php\/rejsepude-med-navn\/\">Rejsepude med navn<\/a><\/li>\n<li class=\"page_item page-item-4966\"><a href=\"https:\/\/personligtdesign.dk\/index.php\/rygsaek-skopose-gymnastikpose-med-tryk-navn\/\">Rygs\u00e6k-skopose-gymnastikpose med tryk og navn<\/a><\/li>\n<li class=\"page_item page-item-4120\"><a href=\"https:\/\/personligtdesign.dk\/index.php\/seo-optimering-soegeordsoptimering-google-soegeord-bliv-fundet-paa-google\/\">SEO &#8211; Google s\u00f8geord<\/a><\/li>\n<li class=\"page_item page-item-971\"><a href=\"https:\/\/personligtdesign.dk\/index.php\/silhuet-af-dit-kaeledyr\/\">Silhuet af dit k\u00e6ledyr<\/a><\/li>\n<li class=\"page_item page-item-9190\"><a href=\"https:\/\/personligtdesign.dk\/index.php\/sjove-plakater-og-plakater-hunde-katte-hons-kaniner-heste\/\">Sjove skilte og plakater<\/a><\/li>\n<li class=\"page_item page-item-14980\"><a href=\"https:\/\/personligtdesign.dk\/index.php\/skabeloner-i-karton\/\">Skabeloner i karton<\/a><\/li>\n<li class=\"page_item page-item-12356\"><a href=\"https:\/\/personligtdesign.dk\/index.php\/skilte-store-sma\/\">Skilte &#8211; store og sm\u00e5<\/a><\/li>\n<li class=\"page_item page-item-696\"><a href=\"https:\/\/personligtdesign.dk\/index.php\/skilte-magnetskilte\/\">Skilte til alle form\u00e5l<\/a><\/li>\n<li class=\"page_item page-item-14414\"><a href=\"https:\/\/personligtdesign.dk\/index.php\/skiltefolie-i-metermaal\/\">Skiltefolie i meterm\u00e5l<\/a><\/li>\n<li class=\"page_item page-item-2398\"><a href=\"https:\/\/personligtdesign.dk\/index.php\/stofservietter-med-navn-til-festen-strygemaerker\/\">Stofservietter med navn og tryk<\/a><\/li>\n<li class=\"page_item page-item-4917\"><a href=\"https:\/\/personligtdesign.dk\/index.php\/strygemaerker-strygestof-tryk-pa-t-shirts\/\">Strygem\u00e6rker til t-shirts<\/a><\/li>\n<li class=\"page_item page-item-3610\"><a href=\"https:\/\/personligtdesign.dk\/index.php\/strygemaerker-strygestof-tryk-pa-toej-og-t-shirts\/\">Strygem\u00e6rker til t\u00f8j, t-shirts, servietter og stof<\/a><\/li>\n<li class=\"page_item page-item-4603\"><a href=\"https:\/\/personligtdesign.dk\/index.php\/tekst-og-navn-paa-lys\/\">Tekst og navn p\u00e5 lys<\/a><\/li>\n<li class=\"page_item page-item-8527\"><a href=\"https:\/\/personligtdesign.dk\/index.php\/toiletskilte-toilet-klistermaerker\/\">Toiletskilte &#8211; toilet-klisterm\u00e6rker<\/a><\/li>\n<li class=\"page_item page-item-17889\"><a href=\"https:\/\/personligtdesign.dk\/index.php\/traeskiver-til-bordkort-og-bordpynt\/\">Tr\u00e6skiver til bordkort og bordpynt<\/a><\/li>\n<li class=\"page_item page-item-7380\"><a href=\"https:\/\/personligtdesign.dk\/index.php\/vaabenskjold-til-brylluppet-eller-familien\/\">V\u00e5benskjold til brylluppet eller familien<\/a><\/li>\n<li class=\"page_item page-item-686\"><a href=\"https:\/\/personligtdesign.dk\/index.php\/vejledning-montering-af-klistermaerker\/\">Vejledning &#8211; p\u00e5s\u00e6tning af klisterm\u00e6rker<\/a><\/li>\n<li class=\"page_item page-item-6546\"><a href=\"https:\/\/personligtdesign.dk\/index.php\/vejledning-strygestof-tekstilfolie\/\">Vejledning &#8211; strygem\u00e6rker\/tekstilfolie<\/a><\/li>\n<li class=\"page_item page-item-13424\"><a href=\"https:\/\/personligtdesign.dk\/index.php\/velkomstskilt-til-bryllup-skilt-klistermaerker\/\">Velkomstskilt til bryllup<\/a><\/li>\n<li class=\"page_item page-item-330\"><a href=\"https:\/\/personligtdesign.dk\/index.php\/vilkaar-og-betingelser\/\">Vilk\u00e5r og betingelser<\/a><\/li>\n<li class=\"page_item page-item-895\"><a href=\"https:\/\/personligtdesign.dk\/index.php\/vinduesdekoration-folie\/\">Vinduesdekoration &#8211; folie<\/a><\/li>\n<li class=\"page_item page-item-16254\"><a href=\"https:\/\/personligtdesign.dk\/index.php\/vores-kunder-privat-erhverv-firma\/\">Vores kunder<\/a><\/li>\n<\/ul>\n<\/div>\t\t\t\t<\/div>\n\t\t\t\t<\/div>\n\t\t\t\t\t<\/div>\n\t\t<\/div>\n\t\t\t\t\t<\/div>\n\t\t<\/section>\n\t\t\t\t<\/div>\n\t\t","protected":false},"excerpt":{"rendered":"","protected":false},"author":1,"featured_media":0,"parent":0,"menu_order":0,"comment_status":"closed","ping_status":"closed","template":"","meta":{"footnotes":""},"class_list":["post-1568","page","type-page","status-publish","hentry"],"_links":{"self":[{"href":"https:\/\/personligtdesign.dk\/index.php\/wp-json\/wp\/v2\/pages\/1568","targetHints":{"allow":["GET"]}}],"collection":[{"href":"https:\/\/personligtdesign.dk\/index.php\/wp-json\/wp\/v2\/pages"}],"about":[{"href":"https:\/\/personligtdesign.dk\/index.php\/wp-json\/wp\/v2\/types\/page"}],"author":[{"embeddable":true,"href":"https:\/\/personligtdesign.dk\/index.php\/wp-json\/wp\/v2\/users\/1"}],"replies":[{"embeddable":true,"href":"https:\/\/personligtdesign.dk\/index.php\/wp-json\/wp\/v2\/comments?post=1568"}],"version-history":[{"count":11,"href":"https:\/\/personligtdesign.dk\/index.php\/wp-json\/wp\/v2\/pages\/1568\/revisions"}],"predecessor-version":[{"id":4179,"href":"https:\/\/personligtdesign.dk\/index.php\/wp-json\/wp\/v2\/pages\/1568\/revisions\/4179"}],"wp:attachment":[{"href":"https:\/\/personligtdesign.dk\/index.php\/wp-json\/wp\/v2\/media?parent=1568"}],"curies":[{"name":"wp","href":"https:\/\/api.w.org\/{rel}","templated":true}]}}